{"id":1195,"date":"2013-04-05T16:38:18","date_gmt":"2013-04-05T14:38:18","guid":{"rendered":"http:\/\/www.kriesi.at\/themes\/enfold\/?page_id=1195"},"modified":"2020-02-11T22:55:26","modified_gmt":"2020-02-11T21:55:26","slug":"nosotros","status":"publish","type":"page","link":"https:\/\/www.lacubadebaco.com\/bodega\/nosotros\/","title":{"rendered":"Nosotros"},"content":{"rendered":"<div  class='flex_column av-av_one_third-2a9015ff38129c418a3f2eafba3e9512 av_one_third  avia-builder-el-0  el_before_av_two_third  avia-builder-el-first  first flex_column_div  '     ><section  class='avia-team-member av-av_team_member-353ae4054444c6c49caed1f4b85a636b  avia-builder-el-1  avia-builder-el-no-sibling '  itemscope=\"itemscope\" itemtype=\"https:\/\/schema.org\/Person\" ><div class=\"team-img-container\"><img fetchpriority=\"high\" class='wp-image-2457 avia-img-lazy-loading-not-2457 avia_image avia_image_team' src='https:\/\/www.lacubadebaco.com\/bodega\/wp-content\/uploads\/2013\/06\/fondo.png' alt=''  itemprop=\"image\"   height=\"839\" width=\"1118\" \/><\/div><div class='team-member-description '  itemprop=\"description\" ><p>Dibujos cedidos por el pintor y escultor Adolfo Lahoza<\/p>\n<\/div><span class='hidden team-member-affiliation'  itemprop=\"affiliation\" >Comprar vino | Arag\u00f3n y Navarra | La Cuba de Baco<\/span><\/section><\/div>\n\n<style type=\"text\/css\" data-created_by=\"avia_inline_auto\" id=\"style-css-av-av_two_third-0aa7055fe62c3622faec82866afbaeb2\">\n.flex_column.av-av_two_third-0aa7055fe62c3622faec82866afbaeb2{\nborder-radius:0px 0px 0px 0px;\npadding:0px 0px 0px 0px;\n}\n<\/style>\n<div  class='flex_column av-av_two_third-0aa7055fe62c3622faec82866afbaeb2 av_two_third  avia-builder-el-2  el_after_av_one_third  el_before_av_hr  flex_column_div av-zero-column-padding  '     ><p>\n<style type=\"text\/css\" data-created_by=\"avia_inline_auto\" id=\"style-css-av-av_heading-1b1a6794b5096f549b311910002458f2\">\n#top .av-special-heading.av-av_heading-1b1a6794b5096f549b311910002458f2{\npadding-bottom:10px;\n}\nbody .av-special-heading.av-av_heading-1b1a6794b5096f549b311910002458f2 .av-special-heading-tag .heading-char{\nfont-size:25px;\n}\n.av-special-heading.av-av_heading-1b1a6794b5096f549b311910002458f2 .av-subheading{\nfont-size:10px;\n}\n<\/style>\n<div  class='av-special-heading av-av_heading-1b1a6794b5096f549b311910002458f2 av-special-heading-h3 meta-heading  avia-builder-el-3  el_before_av_textblock  avia-builder-el-first '><h3 class='av-special-heading-tag '  itemprop=\"headline\"  >La Cuba de Baco<\/h3><div class=\"special-heading-border\"><div class=\"special-heading-inner-border\"><\/div><\/div><\/div><br \/>\n<section  class='av_textblock_section av-av_textblock-0366cc7376be6c9e82a3e9cc8987b64f '   itemscope=\"itemscope\" itemtype=\"https:\/\/schema.org\/CreativeWork\" ><div class='avia_textblock'  itemprop=\"text\" ><div>\n<div>\n<h6>\u00abQueremos acercar a nuestros clientes algo m\u00e1s que unas botellas de vino\u00bb<\/h6>\n<p align=\"JUSTIFY\">\u00a0\u00a0El dios Baco para los romanos o Dionisos para los griegos representa la mitificaci\u00f3n de, quiz\u00e1s, la aspiraci\u00f3n m\u00e1s com\u00fan y menos conseguida de todos los hombres y mujeres desde la aparici\u00f3n de la raza humana sin importar la condici\u00f3n social o econ\u00f3mica, la b\u00fasqueda de libertad y de felicidad. Por eso no es casualidad que a estos dioses tambi\u00e9n los vinculasen con otro, L\u00edber, libre.<\/p>\n<p align=\"JUSTIFY\">\u00a0\u00a0No todos los caminos elegidos para conseguir estos objetivos han sido correctos. Epicuro, el gran precursor de una de las escuelas hedonistas cl\u00e1sicas m\u00e1s importantes, ya advert\u00eda que no se deb\u00eda fomentar los deseos antinaturales e innecesarios como la fama, el poder o el prestigio, posiblemente los anhelos que m\u00e1s tragedias han originado en nuestra historia. Sin embargo, propon\u00eda dos categor\u00edas m\u00e1s de deseos: los naturales y necesarios, alimentarse, abrigarse, sentirse seguro, y los naturales e innecesarios, como una conversaci\u00f3n amena o las artes.<\/p>\n<p align=\"JUSTIFY\">\u00a0\u00a0 El vino puede que sea el gran nexo de uni\u00f3n con estas dos formas de deseos naturales propuestas por Epicuro, que siempre impuls\u00f3 la b\u00fasqueda del placer a trav\u00e9s de la raz\u00f3n, desde el dominio de uno mismo, la prudencia y el prop\u00f3sito de que ese placer propio deb\u00eda ser compartido y nunca deb\u00eda perjudicar a los dem\u00e1s, sino al contrario, ten\u00eda que ser motivo de un bien com\u00fan. El vino es alimento, incluso abrigo y consumido con prudencia puede ser el mejor aliado para una conversaci\u00f3n amena, a lo mejor inspiradora de argumentos art\u00edsticos y siempre enriquecedora.<\/p>\n<\/div>\n<\/div>\n<p align=\"JUSTIFY\">\u00a0 Muchas personas han participado de la b\u00fasqueda de libertad y de felicidad de forma bienintencionada. En esas aspiraciones hay muchas perspectivas que se deben armonizar y el cultivo de un placer bien entendido es una de ellas. Crear los contextos adecuados para participar de estos deseos resulta fundamental. Al vino se le consideraba parte esencial para ayudar a crear momentos y situaciones adecuadas para estas ansiadas b\u00fasquedas, por eso, quiz\u00e1, se le bautiz\u00f3 como la \u00abbebida de los dioses\u00bb en las culturas griega y romana, a las cuales estamos tan vinculados y, tambi\u00e9n, por ello, form\u00f3 parte principal de su simbolog\u00eda.<\/p>\n<p align=\"JUSTIFY\">\u00a0\u00a0La Pen\u00ednsula Ib\u00e9rica es un lugar privilegiado para el cultivo de la vid y para el desarrollo de formidables caldos. Existen diferentes denominaciones, pagos y bodegas en casi cualquier lugar de nuestro pa\u00eds. Nosotros queremos poner a disposici\u00f3n de nuestros clientes aquellos vinos que cumplan unas caracter\u00edsticas determinadas: calidad reconocida y precios asequibles.<\/p>\n<p align=\"JUSTIFY\">\u00a0\u00a0En toda la inmensidad que ofrece el mercado espa\u00f1ol en este sentido, La Cuba de Baco va a dar prioridad a los productos obtenidos en dos regiones altamente reconocidas por el exigente cuidado de sus vides y por su vocaci\u00f3n por aplicar la vanguardia tecnol\u00f3gica en los procesos productivos para conseguir vinos extraordinarios: Arag\u00f3n y Navarra. Para estas zonas de Espa\u00f1a el vino forma parte de la idiosincracia vital de su forma de entender su d\u00eda a d\u00eda, de su tradici\u00f3n y de su cultura. El desarrollo de una industria vin\u00edcola fuerte hace converger una forma de vida con la ilusi\u00f3n por un desarrollo econ\u00f3mico sostenible que consigue armonizar la sofisticaci\u00f3n de lo urbano con la conservaci\u00f3n de los entornos rurales, complementariedad fundamental para un bienestar completo.<\/p>\n<p align=\"JUSTIFY\">\u00a0\u00a0La Cuba de Baco aspira a acercar a sus clientes algo m\u00e1s que unas botellas de vino. Queremos que \u00e9stas formen parte de los diferentes elementos que cada uno de ustedes utilizan para sentirse bien, para conversar, para compartir, para experimentar&#8230; y, en definitiva, para intentar percibir m\u00e1s cerca la libertad, estado fundamental para poder aproximarnos a la anhelada felicidad personal y compartida.<\/p>\n<h4><\/h4>\n<\/div><\/section><\/p><\/div><div  class='hr av-av_hr-c69e1af1bad63c3964cc522caf796498 hr-short  avia-builder-el-5  el_after_av_two_third  avia-builder-el-last  hr-center'><span class='hr-inner '><span class=\"hr-inner-style\"><\/span><\/span><\/div><\/p>\n","protected":false},"excerpt":{"rendered":"","protected":false},"author":1,"featured_media":0,"parent":0,"menu_order":0,"comment_status":"open","ping_status":"closed","template":"","meta":{"_exactmetrics_skip_tracking":false,"_exactmetrics_sitenote_active":false,"_exactmetrics_sitenote_note":"","_exactmetrics_sitenote_category":0,"footnotes":""},"class_list":["post-1195","page","type-page","status-publish","hentry"],"yoast_head":"<!-- This site is optimized with the Yoast SEO plugin v27.0 - https:\/\/yoast.com\/product\/yoast-seo-wordpress\/ -->\n<title>Nosotros - Comprar vino | Arag\u00f3n y Navarra | La Cuba de Baco<\/title>\n<meta name=\"description\" content=\"Comprar vino de Arag\u00f3n | Comprar vino de Navarra\" \/>\n<meta name=\"robots\" content=\"index, follow, max-snippet:-1, max-image-preview:large, max-video-preview:-1\" \/>\n<link rel=\"canonical\" href=\"https:\/\/www.lacubadebaco.com\/bodega\/nosotros\/\" \/>\n<meta property=\"og:locale\" content=\"es_ES\" \/>\n<meta property=\"og:type\" content=\"article\" \/>\n<meta property=\"og:title\" content=\"Nosotros - Comprar vino | Arag\u00f3n y Navarra | La Cuba de Baco\" \/>\n<meta property=\"og:description\" content=\"Comprar vino de Arag\u00f3n | Comprar vino de Navarra\" \/>\n<meta property=\"og:url\" content=\"https:\/\/www.lacubadebaco.com\/bodega\/nosotros\/\" \/>\n<meta property=\"og:site_name\" content=\"Comprar vino | Arag\u00f3n y Navarra | La Cuba de Baco\" \/>\n<meta property=\"article:modified_time\" content=\"2020-02-11T21:55:26+00:00\" \/>\n<meta name=\"twitter:card\" content=\"summary_large_image\" \/>\n<meta name=\"twitter:label1\" content=\"Tiempo de lectura\" \/>\n\t<meta name=\"twitter:data1\" content=\"4 minutos\" \/>\n<script type=\"application\/ld+json\" class=\"yoast-schema-graph\">{\"@context\":\"https:\/\/schema.org\",\"@graph\":[{\"@type\":\"WebPage\",\"@id\":\"https:\/\/www.lacubadebaco.com\/bodega\/nosotros\/\",\"url\":\"https:\/\/www.lacubadebaco.com\/bodega\/nosotros\/\",\"name\":\"Nosotros - Comprar vino | Arag\u00f3n y Navarra | La Cuba de Baco\",\"isPartOf\":{\"@id\":\"https:\/\/www.lacubadebaco.com\/bodega\/#website\"},\"datePublished\":\"2013-04-05T14:38:18+00:00\",\"dateModified\":\"2020-02-11T21:55:26+00:00\",\"description\":\"Comprar vino de Arag\u00f3n | Comprar vino de Navarra\",\"breadcrumb\":{\"@id\":\"https:\/\/www.lacubadebaco.com\/bodega\/nosotros\/#breadcrumb\"},\"inLanguage\":\"es\",\"potentialAction\":[{\"@type\":\"ReadAction\",\"target\":[\"https:\/\/www.lacubadebaco.com\/bodega\/nosotros\/\"]}]},{\"@type\":\"BreadcrumbList\",\"@id\":\"https:\/\/www.lacubadebaco.com\/bodega\/nosotros\/#breadcrumb\",\"itemListElement\":[{\"@type\":\"ListItem\",\"position\":1,\"name\":\"Portada\",\"item\":\"https:\/\/www.lacubadebaco.com\/bodega\/home-v8-frontpage-shop\/\"},{\"@type\":\"ListItem\",\"position\":2,\"name\":\"Nosotros\"}]},{\"@type\":\"WebSite\",\"@id\":\"https:\/\/www.lacubadebaco.com\/bodega\/#website\",\"url\":\"https:\/\/www.lacubadebaco.com\/bodega\/\",\"name\":\"Comprar vino | Arag\u00f3n y Navarra | La Cuba de Baco\",\"description\":\"Comprar vino de Arag\u00f3n | Comprar vino de Navarra | Tienda de vino online de Navarra  y Arag\u00f3n | La Cuba de Baco\",\"publisher\":{\"@id\":\"https:\/\/www.lacubadebaco.com\/bodega\/#organization\"},\"potentialAction\":[{\"@type\":\"SearchAction\",\"target\":{\"@type\":\"EntryPoint\",\"urlTemplate\":\"https:\/\/www.lacubadebaco.com\/bodega\/?s={search_term_string}\"},\"query-input\":{\"@type\":\"PropertyValueSpecification\",\"valueRequired\":true,\"valueName\":\"search_term_string\"}}],\"inLanguage\":\"es\"},{\"@type\":\"Organization\",\"@id\":\"https:\/\/www.lacubadebaco.com\/bodega\/#organization\",\"name\":\"La Cuba de Baco\",\"url\":\"https:\/\/www.lacubadebaco.com\/bodega\/\",\"logo\":{\"@type\":\"ImageObject\",\"inLanguage\":\"es\",\"@id\":\"https:\/\/www.lacubadebaco.com\/bodega\/#\/schema\/logo\/image\/\",\"url\":\"https:\/\/www.lacubadebaco.com\/bodega\/wp-content\/uploads\/2014\/01\/logoslider.png\",\"contentUrl\":\"https:\/\/www.lacubadebaco.com\/bodega\/wp-content\/uploads\/2014\/01\/logoslider.png\",\"width\":440,\"height\":256,\"caption\":\"La Cuba de Baco\"},\"image\":{\"@id\":\"https:\/\/www.lacubadebaco.com\/bodega\/#\/schema\/logo\/image\/\"}}]}<\/script>\n<!-- \/ Yoast SEO plugin. -->","yoast_head_json":{"title":"Nosotros - Comprar vino | Arag\u00f3n y Navarra | La Cuba de Baco","description":"Comprar vino de Arag\u00f3n | Comprar vino de Navarra","robots":{"index":"index","follow":"follow","max-snippet":"max-snippet:-1","max-image-preview":"max-image-preview:large","max-video-preview":"max-video-preview:-1"},"canonical":"https:\/\/www.lacubadebaco.com\/bodega\/nosotros\/","og_locale":"es_ES","og_type":"article","og_title":"Nosotros - Comprar vino | Arag\u00f3n y Navarra | La Cuba de Baco","og_description":"Comprar vino de Arag\u00f3n | Comprar vino de Navarra","og_url":"https:\/\/www.lacubadebaco.com\/bodega\/nosotros\/","og_site_name":"Comprar vino | Arag\u00f3n y Navarra | La Cuba de Baco","article_modified_time":"2020-02-11T21:55:26+00:00","twitter_card":"summary_large_image","twitter_misc":{"Tiempo de lectura":"4 minutos"},"schema":{"@context":"https:\/\/schema.org","@graph":[{"@type":"WebPage","@id":"https:\/\/www.lacubadebaco.com\/bodega\/nosotros\/","url":"https:\/\/www.lacubadebaco.com\/bodega\/nosotros\/","name":"Nosotros - Comprar vino | Arag\u00f3n y Navarra | La Cuba de Baco","isPartOf":{"@id":"https:\/\/www.lacubadebaco.com\/bodega\/#website"},"datePublished":"2013-04-05T14:38:18+00:00","dateModified":"2020-02-11T21:55:26+00:00","description":"Comprar vino de Arag\u00f3n | Comprar vino de Navarra","breadcrumb":{"@id":"https:\/\/www.lacubadebaco.com\/bodega\/nosotros\/#breadcrumb"},"inLanguage":"es","potentialAction":[{"@type":"ReadAction","target":["https:\/\/www.lacubadebaco.com\/bodega\/nosotros\/"]}]},{"@type":"BreadcrumbList","@id":"https:\/\/www.lacubadebaco.com\/bodega\/nosotros\/#breadcrumb","itemListElement":[{"@type":"ListItem","position":1,"name":"Portada","item":"https:\/\/www.lacubadebaco.com\/bodega\/home-v8-frontpage-shop\/"},{"@type":"ListItem","position":2,"name":"Nosotros"}]},{"@type":"WebSite","@id":"https:\/\/www.lacubadebaco.com\/bodega\/#website","url":"https:\/\/www.lacubadebaco.com\/bodega\/","name":"Comprar vino | Arag\u00f3n y Navarra | La Cuba de Baco","description":"Comprar vino de Arag\u00f3n | Comprar vino de Navarra | Tienda de vino online de Navarra  y Arag\u00f3n | La Cuba de Baco","publisher":{"@id":"https:\/\/www.lacubadebaco.com\/bodega\/#organization"},"potentialAction":[{"@type":"SearchAction","target":{"@type":"EntryPoint","urlTemplate":"https:\/\/www.lacubadebaco.com\/bodega\/?s={search_term_string}"},"query-input":{"@type":"PropertyValueSpecification","valueRequired":true,"valueName":"search_term_string"}}],"inLanguage":"es"},{"@type":"Organization","@id":"https:\/\/www.lacubadebaco.com\/bodega\/#organization","name":"La Cuba de Baco","url":"https:\/\/www.lacubadebaco.com\/bodega\/","logo":{"@type":"ImageObject","inLanguage":"es","@id":"https:\/\/www.lacubadebaco.com\/bodega\/#\/schema\/logo\/image\/","url":"https:\/\/www.lacubadebaco.com\/bodega\/wp-content\/uploads\/2014\/01\/logoslider.png","contentUrl":"https:\/\/www.lacubadebaco.com\/bodega\/wp-content\/uploads\/2014\/01\/logoslider.png","width":440,"height":256,"caption":"La Cuba de Baco"},"image":{"@id":"https:\/\/www.lacubadebaco.com\/bodega\/#\/schema\/logo\/image\/"}}]}},"_links":{"self":[{"href":"https:\/\/www.lacubadebaco.com\/bodega\/wp-json\/wp\/v2\/pages\/1195","targetHints":{"allow":["GET"]}}],"collection":[{"href":"https:\/\/www.lacubadebaco.com\/bodega\/wp-json\/wp\/v2\/pages"}],"about":[{"href":"https:\/\/www.lacubadebaco.com\/bodega\/wp-json\/wp\/v2\/types\/page"}],"author":[{"embeddable":true,"href":"https:\/\/www.lacubadebaco.com\/bodega\/wp-json\/wp\/v2\/users\/1"}],"replies":[{"embeddable":true,"href":"https:\/\/www.lacubadebaco.com\/bodega\/wp-json\/wp\/v2\/comments?post=1195"}],"version-history":[{"count":11,"href":"https:\/\/www.lacubadebaco.com\/bodega\/wp-json\/wp\/v2\/pages\/1195\/revisions"}],"predecessor-version":[{"id":7491,"href":"https:\/\/www.lacubadebaco.com\/bodega\/wp-json\/wp\/v2\/pages\/1195\/revisions\/7491"}],"wp:attachment":[{"href":"https:\/\/www.lacubadebaco.com\/bodega\/wp-json\/wp\/v2\/media?parent=1195"}],"curies":[{"name":"wp","href":"https:\/\/api.w.org\/{rel}","templated":true}]}}