{"id":7163,"date":"2024-11-09T12:34:22","date_gmt":"2024-11-09T11:34:22","guid":{"rendered":"https:\/\/www.lacubadebaco.com\/bodega\/?page_id=7163"},"modified":"2025-12-04T23:23:08","modified_gmt":"2025-12-04T22:23:08","slug":"nuestro-podcast","status":"publish","type":"page","link":"https:\/\/www.lacubadebaco.com\/bodega\/nuestro-podcast\/","title":{"rendered":"Nuestro p\u00f3dcast"},"content":{"rendered":"<div id='av-layout-grid-1'  class='av-layout-grid-container av-7f3f7v-77f36e33d740ec8264a5d6190d7f7edc entry-content-wrapper main_color av-flex-cells  avia-builder-el-0  avia-builder-el-no-sibling   container_wrap sidebar_right'  >\n<div class='flex_cell av-5ltvvv-5c110be4f732be18f46b3dcbacf7fd8a av-gridrow-cell av_one_third no_margin  avia-builder-el-1  el_before_av_cell_one_third  avia-builder-el-first '  ><div class='flex_cell_inner'><p>\n<style type=\"text\/css\" data-created_by=\"avia_inline_auto\" id=\"style-css-av-m3a3dgwv-ce930377dbd5e9bc1dbddae15b5af9e7\">\n.flex_column.av-m3a3dgwv-ce930377dbd5e9bc1dbddae15b5af9e7{\nborder-radius:0px 0px 0px 0px;\npadding:0px 0px 0px 0px;\n}\n<\/style>\n<div  class='flex_column av-m3a3dgwv-ce930377dbd5e9bc1dbddae15b5af9e7 av_one_full  avia-builder-el-2  el_before_av_one_full  avia-builder-el-first  first flex_column_div av-zero-column-padding  '     ><p>\n<style type=\"text\/css\" data-created_by=\"avia_inline_auto\" id=\"style-css-av-55vwaz-3ff56dad33d3b7f0d71c41fa754d7ae5\">\n#top .av-special-heading.av-55vwaz-3ff56dad33d3b7f0d71c41fa754d7ae5{\npadding-bottom:10px;\ncolor:#a21f5a;\n}\nbody .av-special-heading.av-55vwaz-3ff56dad33d3b7f0d71c41fa754d7ae5 .av-special-heading-tag .heading-char{\nfont-size:25px;\n}\n.av-special-heading.av-55vwaz-3ff56dad33d3b7f0d71c41fa754d7ae5 .special-heading-inner-border{\nborder-color:#a21f5a;\n}\n.av-special-heading.av-55vwaz-3ff56dad33d3b7f0d71c41fa754d7ae5 .av-subheading{\nfont-size:15px;\n}\n<\/style>\n<div  class='av-special-heading av-55vwaz-3ff56dad33d3b7f0d71c41fa754d7ae5 av-special-heading-h3 custom-color-heading  avia-builder-el-3  el_before_av_codeblock  avia-builder-el-first '><h3 class='av-special-heading-tag '  itemprop=\"headline\"  >Episodio 1<\/h3><div class=\"special-heading-border\"><div class=\"special-heading-inner-border\"><\/div><\/div><\/div><br \/>\n<\/p><\/div>\n<style type=\"text\/css\" data-created_by=\"avia_inline_auto\" id=\"style-css-av-baui1n-eab30d9a3ebcad2762f172b2782b4cf2\">\n.flex_column.av-baui1n-eab30d9a3ebcad2762f172b2782b4cf2{\nborder-radius:0px 0px 0px 0px;\npadding:0px 0px 0px 0px;\n}\n<\/style>\n<div  class='flex_column av-baui1n-eab30d9a3ebcad2762f172b2782b4cf2 av_one_full  avia-builder-el-5  el_after_av_one_full  avia-builder-el-last  first flex_column_div av-zero-column-padding  column-top-margin'     ><p>\n<style type=\"text\/css\" data-created_by=\"avia_inline_auto\" id=\"style-css-av-ygxqj-009dec5a32306303d357e956b71c5b0b\">\n#top .av-special-heading.av-ygxqj-009dec5a32306303d357e956b71c5b0b{\npadding-bottom:10px;\ncolor:#a21f5a;\n}\nbody .av-special-heading.av-ygxqj-009dec5a32306303d357e956b71c5b0b .av-special-heading-tag .heading-char{\nfont-size:25px;\n}\n.av-special-heading.av-ygxqj-009dec5a32306303d357e956b71c5b0b .special-heading-inner-border{\nborder-color:#a21f5a;\n}\n.av-special-heading.av-ygxqj-009dec5a32306303d357e956b71c5b0b .av-subheading{\nfont-size:15px;\n}\n<\/style>\n<div  class='av-special-heading av-ygxqj-009dec5a32306303d357e956b71c5b0b av-special-heading-h3 custom-color-heading  avia-builder-el-6  el_before_av_codeblock  avia-builder-el-first  av-linked-heading'><h3 class='av-special-heading-tag '  itemprop=\"headline\"  >Episodio 2<\/h3><div class=\"special-heading-border\"><div class=\"special-heading-inner-border\"><\/div><\/div><\/div><br \/>\n<\/p><\/div><\/p>\n<\/div><\/div><div class='flex_cell av-3zmjsb-b4c84f43b9e1ac9a864a19439d12e377 av-gridrow-cell av_one_third no_margin  avia-builder-el-8  el_after_av_cell_one_third  el_before_av_cell_one_third '  ><div class='flex_cell_inner'><p>\n<style type=\"text\/css\" data-created_by=\"avia_inline_auto\" id=\"style-css-av-m3a3dgwv-9-16fb3269ec165f09cc5af71f1adcef01\">\n.flex_column.av-m3a3dgwv-9-16fb3269ec165f09cc5af71f1adcef01{\nborder-radius:0px 0px 0px 0px;\npadding:0px 0px 0px 0px;\n}\n<\/style>\n<div  class='flex_column av-m3a3dgwv-9-16fb3269ec165f09cc5af71f1adcef01 av_one_full  avia-builder-el-9  el_before_av_one_full  avia-builder-el-first  first flex_column_div av-zero-column-padding  '     ><p>\n<style type=\"text\/css\" data-created_by=\"avia_inline_auto\" id=\"style-css-av-4oqtsr-fd53684529e9e6ccb8221c4f977028d7\">\n#top .av-special-heading.av-4oqtsr-fd53684529e9e6ccb8221c4f977028d7{\npadding-bottom:10px;\ncolor:#a21f5a;\n}\nbody .av-special-heading.av-4oqtsr-fd53684529e9e6ccb8221c4f977028d7 .av-special-heading-tag .heading-char{\nfont-size:25px;\n}\n.av-special-heading.av-4oqtsr-fd53684529e9e6ccb8221c4f977028d7 .special-heading-inner-border{\nborder-color:#a21f5a;\n}\n.av-special-heading.av-4oqtsr-fd53684529e9e6ccb8221c4f977028d7 .av-subheading{\nfont-size:15px;\n}\n<\/style>\n<div  class='av-special-heading av-4oqtsr-fd53684529e9e6ccb8221c4f977028d7 av-special-heading-h3 custom-color-heading  avia-builder-el-10  el_before_av_codeblock  avia-builder-el-first  av-linked-heading'><h3 class='av-special-heading-tag '  itemprop=\"headline\"  >Episodio 3<\/h3><div class=\"special-heading-border\"><div class=\"special-heading-inner-border\"><\/div><\/div><\/div><br \/>\n<\/p><\/div>\n<style type=\"text\/css\" data-created_by=\"avia_inline_auto\" id=\"style-css-av-mxrqz-ed996fcc2741ab2e48749f47074cd511\">\n.flex_column.av-mxrqz-ed996fcc2741ab2e48749f47074cd511{\nborder-radius:0px 0px 0px 0px;\npadding:0px 0px 0px 0px;\n}\n<\/style>\n<div  class='flex_column av-mxrqz-ed996fcc2741ab2e48749f47074cd511 av_one_full  avia-builder-el-12  el_after_av_one_full  avia-builder-el-last  first flex_column_div av-zero-column-padding  column-top-margin'     ><p>\n<style type=\"text\/css\" data-created_by=\"avia_inline_auto\" id=\"style-css-av-3lh2qj-df1f22eb09c23c484fa291298af050b8\">\n#top .av-special-heading.av-3lh2qj-df1f22eb09c23c484fa291298af050b8{\npadding-bottom:10px;\ncolor:#a21f5a;\n}\nbody .av-special-heading.av-3lh2qj-df1f22eb09c23c484fa291298af050b8 .av-special-heading-tag .heading-char{\nfont-size:25px;\n}\n.av-special-heading.av-3lh2qj-df1f22eb09c23c484fa291298af050b8 .special-heading-inner-border{\nborder-color:#a21f5a;\n}\n.av-special-heading.av-3lh2qj-df1f22eb09c23c484fa291298af050b8 .av-subheading{\nfont-size:15px;\n}\n<\/style>\n<div  class='av-special-heading av-3lh2qj-df1f22eb09c23c484fa291298af050b8 av-special-heading-h3 custom-color-heading  avia-builder-el-13  el_before_av_codeblock  avia-builder-el-first  av-linked-heading'><h3 class='av-special-heading-tag '  itemprop=\"headline\"  >Episodio 4<\/h3><div class=\"special-heading-border\"><div class=\"special-heading-inner-border\"><\/div><\/div><\/div><br \/>\n<\/p><\/div><\/p>\n<\/div><\/div><div class='flex_cell av-3zmjsb-7-4b5bb2dad4254283e6532fe8767af290 av-gridrow-cell av_one_third no_margin  avia-builder-el-15  el_after_av_cell_one_third  avia-builder-el-last '  ><div class='flex_cell_inner'>\n<style type=\"text\/css\" data-created_by=\"avia_inline_auto\" id=\"style-css-av-m3a3dgwv-6-d886b7c3407b619a9d4ddc8102f650ae\">\n.flex_column.av-m3a3dgwv-6-d886b7c3407b619a9d4ddc8102f650ae{\nborder-radius:0px 0px 0px 0px;\npadding:0px 0px 0px 0px;\n}\n<\/style>\n<div  class='flex_column av-m3a3dgwv-6-d886b7c3407b619a9d4ddc8102f650ae av_one_full  avia-builder-el-16  avia-builder-el-no-sibling  first flex_column_div av-zero-column-padding  '     ><p>\n<style type=\"text\/css\" data-created_by=\"avia_inline_auto\" id=\"style-css-av-37x90b-7908c6451413887b7923de574d848eaf\">\n#top .av-special-heading.av-37x90b-7908c6451413887b7923de574d848eaf{\npadding-bottom:10px;\ncolor:#a21f5a;\n}\nbody .av-special-heading.av-37x90b-7908c6451413887b7923de574d848eaf .av-special-heading-tag .heading-char{\nfont-size:25px;\n}\n.av-special-heading.av-37x90b-7908c6451413887b7923de574d848eaf .special-heading-inner-border{\nborder-color:#a21f5a;\n}\n.av-special-heading.av-37x90b-7908c6451413887b7923de574d848eaf .av-subheading{\nfont-size:15px;\n}\n<\/style>\n<div  class='av-special-heading av-37x90b-7908c6451413887b7923de574d848eaf av-special-heading-h3 custom-color-heading  avia-builder-el-17  el_before_av_codeblock  avia-builder-el-first  av-linked-heading'><h3 class='av-special-heading-tag '  itemprop=\"headline\"  >Episodio 5<\/h3><div class=\"special-heading-border\"><div class=\"special-heading-inner-border\"><\/div><\/div><\/div><br \/>\n<\/p><\/div>\n<\/div><\/div><\/div>\n","protected":false},"excerpt":{"rendered":"","protected":false},"author":2,"featured_media":0,"parent":0,"menu_order":0,"comment_status":"closed","ping_status":"closed","template":"","meta":{"_exactmetrics_skip_tracking":false,"_exactmetrics_sitenote_active":false,"_exactmetrics_sitenote_note":"","_exactmetrics_sitenote_category":0,"footnotes":""},"class_list":["post-7163","page","type-page","status-publish","hentry"],"yoast_head":"<!-- This site is optimized with the Yoast SEO plugin v27.0 - https:\/\/yoast.com\/product\/yoast-seo-wordpress\/ -->\n<title>Nuestro p\u00f3dcast - Comprar vino | Arag\u00f3n y Navarra | La Cuba de Baco<\/title>\n<meta name=\"description\" content=\"Comprar vino de Arag\u00f3n | Comprar vino de Navarra\" \/>\n<meta name=\"robots\" content=\"index, follow, max-snippet:-1, max-image-preview:large, max-video-preview:-1\" \/>\n<link rel=\"canonical\" href=\"https:\/\/www.lacubadebaco.com\/bodega\/nuestro-podcast\/\" \/>\n<meta property=\"og:locale\" content=\"es_ES\" \/>\n<meta property=\"og:type\" content=\"article\" \/>\n<meta property=\"og:title\" content=\"Nuestro p\u00f3dcast - Comprar vino | Arag\u00f3n y Navarra | La Cuba de Baco\" \/>\n<meta property=\"og:description\" content=\"Comprar vino de Arag\u00f3n | Comprar vino de Navarra\" \/>\n<meta property=\"og:url\" content=\"https:\/\/www.lacubadebaco.com\/bodega\/nuestro-podcast\/\" \/>\n<meta property=\"og:site_name\" content=\"Comprar vino | Arag\u00f3n y Navarra | La Cuba de Baco\" \/>\n<meta property=\"article:modified_time\" content=\"2025-12-04T22:23:08+00:00\" \/>\n<meta name=\"twitter:card\" content=\"summary_large_image\" \/>\n<meta name=\"twitter:label1\" content=\"Tiempo de lectura\" \/>\n\t<meta name=\"twitter:data1\" content=\"1 minuto\" \/>\n<script type=\"application\/ld+json\" class=\"yoast-schema-graph\">{\"@context\":\"https:\/\/schema.org\",\"@graph\":[{\"@type\":\"WebPage\",\"@id\":\"https:\/\/www.lacubadebaco.com\/bodega\/nuestro-podcast\/\",\"url\":\"https:\/\/www.lacubadebaco.com\/bodega\/nuestro-podcast\/\",\"name\":\"Nuestro p\u00f3dcast - Comprar vino | Arag\u00f3n y Navarra | La Cuba de Baco\",\"isPartOf\":{\"@id\":\"https:\/\/www.lacubadebaco.com\/bodega\/#website\"},\"datePublished\":\"2024-11-09T11:34:22+00:00\",\"dateModified\":\"2025-12-04T22:23:08+00:00\",\"description\":\"Comprar vino de Arag\u00f3n | Comprar vino de Navarra\",\"breadcrumb\":{\"@id\":\"https:\/\/www.lacubadebaco.com\/bodega\/nuestro-podcast\/#breadcrumb\"},\"inLanguage\":\"es\",\"potentialAction\":[{\"@type\":\"ReadAction\",\"target\":[\"https:\/\/www.lacubadebaco.com\/bodega\/nuestro-podcast\/\"]}]},{\"@type\":\"BreadcrumbList\",\"@id\":\"https:\/\/www.lacubadebaco.com\/bodega\/nuestro-podcast\/#breadcrumb\",\"itemListElement\":[{\"@type\":\"ListItem\",\"position\":1,\"name\":\"Portada\",\"item\":\"https:\/\/www.lacubadebaco.com\/bodega\/home-v8-frontpage-shop\/\"},{\"@type\":\"ListItem\",\"position\":2,\"name\":\"Nuestro p\u00f3dcast\"}]},{\"@type\":\"WebSite\",\"@id\":\"https:\/\/www.lacubadebaco.com\/bodega\/#website\",\"url\":\"https:\/\/www.lacubadebaco.com\/bodega\/\",\"name\":\"Comprar vino | Arag\u00f3n y Navarra | La Cuba de Baco\",\"description\":\"Comprar vino de Arag\u00f3n | Comprar vino de Navarra | Tienda de vino online de Navarra  y Arag\u00f3n | La Cuba de Baco\",\"publisher\":{\"@id\":\"https:\/\/www.lacubadebaco.com\/bodega\/#organization\"},\"potentialAction\":[{\"@type\":\"SearchAction\",\"target\":{\"@type\":\"EntryPoint\",\"urlTemplate\":\"https:\/\/www.lacubadebaco.com\/bodega\/?s={search_term_string}\"},\"query-input\":{\"@type\":\"PropertyValueSpecification\",\"valueRequired\":true,\"valueName\":\"search_term_string\"}}],\"inLanguage\":\"es\"},{\"@type\":\"Organization\",\"@id\":\"https:\/\/www.lacubadebaco.com\/bodega\/#organization\",\"name\":\"La Cuba de Baco\",\"url\":\"https:\/\/www.lacubadebaco.com\/bodega\/\",\"logo\":{\"@type\":\"ImageObject\",\"inLanguage\":\"es\",\"@id\":\"https:\/\/www.lacubadebaco.com\/bodega\/#\/schema\/logo\/image\/\",\"url\":\"https:\/\/www.lacubadebaco.com\/bodega\/wp-content\/uploads\/2014\/01\/logoslider.png\",\"contentUrl\":\"https:\/\/www.lacubadebaco.com\/bodega\/wp-content\/uploads\/2014\/01\/logoslider.png\",\"width\":440,\"height\":256,\"caption\":\"La Cuba de Baco\"},\"image\":{\"@id\":\"https:\/\/www.lacubadebaco.com\/bodega\/#\/schema\/logo\/image\/\"}}]}<\/script>\n<!-- \/ Yoast SEO plugin. -->","yoast_head_json":{"title":"Nuestro p\u00f3dcast - Comprar vino | Arag\u00f3n y Navarra | La Cuba de Baco","description":"Comprar vino de Arag\u00f3n | Comprar vino de Navarra","robots":{"index":"index","follow":"follow","max-snippet":"max-snippet:-1","max-image-preview":"max-image-preview:large","max-video-preview":"max-video-preview:-1"},"canonical":"https:\/\/www.lacubadebaco.com\/bodega\/nuestro-podcast\/","og_locale":"es_ES","og_type":"article","og_title":"Nuestro p\u00f3dcast - Comprar vino | Arag\u00f3n y Navarra | La Cuba de Baco","og_description":"Comprar vino de Arag\u00f3n | Comprar vino de Navarra","og_url":"https:\/\/www.lacubadebaco.com\/bodega\/nuestro-podcast\/","og_site_name":"Comprar vino | Arag\u00f3n y Navarra | La Cuba de Baco","article_modified_time":"2025-12-04T22:23:08+00:00","twitter_card":"summary_large_image","twitter_misc":{"Tiempo de lectura":"1 minuto"},"schema":{"@context":"https:\/\/schema.org","@graph":[{"@type":"WebPage","@id":"https:\/\/www.lacubadebaco.com\/bodega\/nuestro-podcast\/","url":"https:\/\/www.lacubadebaco.com\/bodega\/nuestro-podcast\/","name":"Nuestro p\u00f3dcast - Comprar vino | Arag\u00f3n y Navarra | La Cuba de Baco","isPartOf":{"@id":"https:\/\/www.lacubadebaco.com\/bodega\/#website"},"datePublished":"2024-11-09T11:34:22+00:00","dateModified":"2025-12-04T22:23:08+00:00","description":"Comprar vino de Arag\u00f3n | Comprar vino de Navarra","breadcrumb":{"@id":"https:\/\/www.lacubadebaco.com\/bodega\/nuestro-podcast\/#breadcrumb"},"inLanguage":"es","potentialAction":[{"@type":"ReadAction","target":["https:\/\/www.lacubadebaco.com\/bodega\/nuestro-podcast\/"]}]},{"@type":"BreadcrumbList","@id":"https:\/\/www.lacubadebaco.com\/bodega\/nuestro-podcast\/#breadcrumb","itemListElement":[{"@type":"ListItem","position":1,"name":"Portada","item":"https:\/\/www.lacubadebaco.com\/bodega\/home-v8-frontpage-shop\/"},{"@type":"ListItem","position":2,"name":"Nuestro p\u00f3dcast"}]},{"@type":"WebSite","@id":"https:\/\/www.lacubadebaco.com\/bodega\/#website","url":"https:\/\/www.lacubadebaco.com\/bodega\/","name":"Comprar vino | Arag\u00f3n y Navarra | La Cuba de Baco","description":"Comprar vino de Arag\u00f3n | Comprar vino de Navarra | Tienda de vino online de Navarra  y Arag\u00f3n | La Cuba de Baco","publisher":{"@id":"https:\/\/www.lacubadebaco.com\/bodega\/#organization"},"potentialAction":[{"@type":"SearchAction","target":{"@type":"EntryPoint","urlTemplate":"https:\/\/www.lacubadebaco.com\/bodega\/?s={search_term_string}"},"query-input":{"@type":"PropertyValueSpecification","valueRequired":true,"valueName":"search_term_string"}}],"inLanguage":"es"},{"@type":"Organization","@id":"https:\/\/www.lacubadebaco.com\/bodega\/#organization","name":"La Cuba de Baco","url":"https:\/\/www.lacubadebaco.com\/bodega\/","logo":{"@type":"ImageObject","inLanguage":"es","@id":"https:\/\/www.lacubadebaco.com\/bodega\/#\/schema\/logo\/image\/","url":"https:\/\/www.lacubadebaco.com\/bodega\/wp-content\/uploads\/2014\/01\/logoslider.png","contentUrl":"https:\/\/www.lacubadebaco.com\/bodega\/wp-content\/uploads\/2014\/01\/logoslider.png","width":440,"height":256,"caption":"La Cuba de Baco"},"image":{"@id":"https:\/\/www.lacubadebaco.com\/bodega\/#\/schema\/logo\/image\/"}}]}},"_links":{"self":[{"href":"https:\/\/www.lacubadebaco.com\/bodega\/wp-json\/wp\/v2\/pages\/7163","targetHints":{"allow":["GET"]}}],"collection":[{"href":"https:\/\/www.lacubadebaco.com\/bodega\/wp-json\/wp\/v2\/pages"}],"about":[{"href":"https:\/\/www.lacubadebaco.com\/bodega\/wp-json\/wp\/v2\/types\/page"}],"author":[{"embeddable":true,"href":"https:\/\/www.lacubadebaco.com\/bodega\/wp-json\/wp\/v2\/users\/2"}],"replies":[{"embeddable":true,"href":"https:\/\/www.lacubadebaco.com\/bodega\/wp-json\/wp\/v2\/comments?post=7163"}],"version-history":[{"count":17,"href":"https:\/\/www.lacubadebaco.com\/bodega\/wp-json\/wp\/v2\/pages\/7163\/revisions"}],"predecessor-version":[{"id":7506,"href":"https:\/\/www.lacubadebaco.com\/bodega\/wp-json\/wp\/v2\/pages\/7163\/revisions\/7506"}],"wp:attachment":[{"href":"https:\/\/www.lacubadebaco.com\/bodega\/wp-json\/wp\/v2\/media?parent=7163"}],"curies":[{"name":"wp","href":"https:\/\/api.w.org\/{rel}","templated":true}]}}