{"id":2594,"date":"2014-02-05T11:57:39","date_gmt":"2014-02-05T10:57:39","guid":{"rendered":"http:\/\/www.lacubadebaco.com\/bodega\/?post_type=product&#038;p=2594"},"modified":"2024-04-25T11:41:04","modified_gmt":"2024-04-25T09:41:04","slug":"cava-reyes-de-aragon-brut-reserva","status":"publish","type":"product","link":"https:\/\/www.lacubadebaco.com\/bodega\/tiendadevinos\/cava-reyes-de-aragon-brut-reserva\/","title":{"rendered":"Cava Reyes de Arag\u00f3n El Casto Brut Reserva"},"content":{"rendered":"<p style=\"text-align: justify;\"><b>Variedades de uva: <\/b>75 % Macabeo y 25 % Chardonnay<\/p>\n<p style=\"text-align: justify;\"><b>Vi\u00f1edos: <\/b>700-800 m.<\/p>\n<p style=\"text-align: justify;\"><b>Regi\u00f3n:\u00a0<\/b>D. O. Cava &#8211; Calatayud &#8211; Arag\u00f3n<\/p>\n<p style=\"text-align: justify;\"><b>Cata:\u00a0<\/b>Una vez recolectadas las variedades a mano y por separado, se procede a su estrujado y despalillado. Una vez en los dep\u00f3sitos de acero inoxidable se extrae a las pocas horas todo el mosto flor, para que fermente por separado a un temperatura de 16\u00baC, de esta forma obtenemos el vino base. Una segunda fermentaci\u00f3n es la que convierte el vino resultante en espumoso. A\u00f1adimos en la misma botella az\u00facar y levaduras. Es el m\u00e9todo tradicional, llamado \u201cchampenoise\u201d. El cava permanece en crianza durante 15 meses, de esta forma las levaduras aportan todo el car\u00e1cter arom\u00e1tico al cava. Confiri\u00e9ndole una gran personalidad. Realizada la crianza del vino espumoso en la cava, hay que proceder al removido de las botellas en los llamados pupitres. La botella va girando hasta que todos los sedimentos quedan depositados en el cuello de la misma. Y es en este momento cuando se puede proceder a la eliminaci\u00f3n de estos dep\u00f3sitos. Una vez degollada, se introduce la cantidad licor de expedici\u00f3n correspondiente a la categor\u00eda brut.<\/p>\n<p style=\"text-align: justify;\">De elegante color amarillo pajizo con destellos acerados. La burbuja es fina y potente, formando corona y rosario continuos, en superficie forma corona persistente. En nariz tiene un recuerdo varietal a frutas tropicales (maracuy\u00e1, mango), acompa\u00f1ar de aromas a boller\u00eda fresca (brioche). Ligeras notas de miel y frutos secos. En boca tiene una entrada seca con una burbuja fina que deja una sensaci\u00f3n muy agradable. Estructura media alta, buen equilibrio entre alcohol y acidez. Untuoso.<\/p>\n<p style=\"text-align: justify;\">Perfecto acompa\u00f1ante de todo tipo de aperitivos. Ideal como copa de bienvenida.<\/p>\n<p style=\"text-align: justify;\"><b>Gu\u00eda Pe\u00f1\u00edn 2020: <\/b>&#8211;<\/p>\n<p style=\"text-align: justify;\"><b>Premios: <\/b>&#8211;<\/p>\n","protected":false},"excerpt":{"rendered":"<p>Variedades de uva: 75 % Macabeo y 25 % Chardonnay Vi\u00f1edos: 700-800 m. Regi\u00f3n:\u00a0D. O. Cava &#8211; Calatayud &#8211; Arag\u00f3n Cata:\u00a0Una vez recolectadas las variedades a mano y por separado, se procede a su estrujado y despalillado. Una vez en los dep\u00f3sitos de acero inoxidable se extrae a las pocas horas todo el mosto flor, [&hellip;]<\/p>\n","protected":false},"featured_media":5475,"template":"","meta":{"_exactmetrics_skip_tracking":false,"_exactmetrics_sitenote_active":false,"_exactmetrics_sitenote_note":"","_exactmetrics_sitenote_category":0},"product_brand":[],"product_cat":[88,37,73],"product_tag":[57],"class_list":{"0":"post-2594","1":"product","2":"type-product","3":"status-publish","4":"has-post-thumbnail","6":"product_cat-cavas-de-aragon","7":"product_cat-tienda-de-vinos","8":"product_cat-vinos-de-aragon","9":"product_tag-cava","11":"first","12":"instock","13":"taxable","14":"shipping-taxable","15":"purchasable","16":"product-type-simple"},"yoast_head":"<!-- This site is optimized with the Yoast SEO plugin v27.0 - https:\/\/yoast.com\/product\/yoast-seo-wordpress\/ -->\n<title>Cava Reyes de Arag\u00f3n El Casto Brut Reserva - Comprar vino | Arag\u00f3n y Navarra | La Cuba de Baco<\/title>\n<meta name=\"description\" content=\"Comprar vino de Arag\u00f3n | Comprar vino de Navarra\" \/>\n<meta name=\"robots\" content=\"index, follow, max-snippet:-1, max-image-preview:large, max-video-preview:-1\" \/>\n<link rel=\"canonical\" href=\"https:\/\/www.lacubadebaco.com\/bodega\/tiendadevinos\/cava-reyes-de-aragon-brut-reserva\/\" \/>\n<meta property=\"og:locale\" content=\"es_ES\" \/>\n<meta property=\"og:type\" content=\"article\" \/>\n<meta property=\"og:title\" content=\"Cava Reyes de Arag\u00f3n El Casto Brut Reserva - Comprar vino | Arag\u00f3n y Navarra | La Cuba de Baco\" \/>\n<meta property=\"og:description\" content=\"Comprar vino de Arag\u00f3n | Comprar vino de Navarra\" \/>\n<meta property=\"og:url\" content=\"https:\/\/www.lacubadebaco.com\/bodega\/tiendadevinos\/cava-reyes-de-aragon-brut-reserva\/\" \/>\n<meta property=\"og:site_name\" content=\"Comprar vino | Arag\u00f3n y Navarra | La Cuba de Baco\" \/>\n<meta property=\"article:modified_time\" content=\"2024-04-25T09:41:04+00:00\" \/>\n<meta property=\"og:image\" content=\"https:\/\/www.lacubadebaco.com\/bodega\/wp-content\/uploads\/2020\/04\/Cava-El-Casto.png\" \/>\n\t<meta property=\"og:image:width\" content=\"224\" \/>\n\t<meta property=\"og:image:height\" content=\"300\" \/>\n\t<meta property=\"og:image:type\" content=\"image\/png\" \/>\n<meta name=\"twitter:card\" content=\"summary_large_image\" \/>\n<meta name=\"twitter:label1\" content=\"Tiempo de lectura\" \/>\n\t<meta name=\"twitter:data1\" content=\"1 minuto\" \/>\n<script type=\"application\/ld+json\" class=\"yoast-schema-graph\">{\"@context\":\"https:\/\/schema.org\",\"@graph\":[{\"@type\":\"WebPage\",\"@id\":\"https:\/\/www.lacubadebaco.com\/bodega\/tiendadevinos\/cava-reyes-de-aragon-brut-reserva\/\",\"url\":\"https:\/\/www.lacubadebaco.com\/bodega\/tiendadevinos\/cava-reyes-de-aragon-brut-reserva\/\",\"name\":\"Cava Reyes de Arag\u00f3n El Casto Brut Reserva - Comprar vino | Arag\u00f3n y Navarra | La Cuba de Baco\",\"isPartOf\":{\"@id\":\"https:\/\/www.lacubadebaco.com\/bodega\/#website\"},\"primaryImageOfPage\":{\"@id\":\"https:\/\/www.lacubadebaco.com\/bodega\/tiendadevinos\/cava-reyes-de-aragon-brut-reserva\/#primaryimage\"},\"image\":{\"@id\":\"https:\/\/www.lacubadebaco.com\/bodega\/tiendadevinos\/cava-reyes-de-aragon-brut-reserva\/#primaryimage\"},\"thumbnailUrl\":\"https:\/\/www.lacubadebaco.com\/bodega\/wp-content\/uploads\/2020\/04\/Cava-El-Casto.png\",\"datePublished\":\"2014-02-05T10:57:39+00:00\",\"dateModified\":\"2024-04-25T09:41:04+00:00\",\"description\":\"Comprar vino de Arag\u00f3n | Comprar vino de Navarra\",\"breadcrumb\":{\"@id\":\"https:\/\/www.lacubadebaco.com\/bodega\/tiendadevinos\/cava-reyes-de-aragon-brut-reserva\/#breadcrumb\"},\"inLanguage\":\"es\",\"potentialAction\":[{\"@type\":\"ReadAction\",\"target\":[\"https:\/\/www.lacubadebaco.com\/bodega\/tiendadevinos\/cava-reyes-de-aragon-brut-reserva\/\"]}]},{\"@type\":\"ImageObject\",\"inLanguage\":\"es\",\"@id\":\"https:\/\/www.lacubadebaco.com\/bodega\/tiendadevinos\/cava-reyes-de-aragon-brut-reserva\/#primaryimage\",\"url\":\"https:\/\/www.lacubadebaco.com\/bodega\/wp-content\/uploads\/2020\/04\/Cava-El-Casto.png\",\"contentUrl\":\"https:\/\/www.lacubadebaco.com\/bodega\/wp-content\/uploads\/2020\/04\/Cava-El-Casto.png\",\"width\":224,\"height\":300,\"caption\":\"Cava de Arag\u00f3n | La Cuba de Baco\"},{\"@type\":\"BreadcrumbList\",\"@id\":\"https:\/\/www.lacubadebaco.com\/bodega\/tiendadevinos\/cava-reyes-de-aragon-brut-reserva\/#breadcrumb\",\"itemListElement\":[{\"@type\":\"ListItem\",\"position\":1,\"name\":\"Portada\",\"item\":\"https:\/\/www.lacubadebaco.com\/bodega\/home-v8-frontpage-shop\/\"},{\"@type\":\"ListItem\",\"position\":2,\"name\":\"Tienda de vinos\",\"item\":\"https:\/\/www.lacubadebaco.com\/bodega\/tiendadevinos\/\"},{\"@type\":\"ListItem\",\"position\":3,\"name\":\"Cava Reyes de Arag\u00f3n El Casto Brut Reserva\"}]},{\"@type\":\"WebSite\",\"@id\":\"https:\/\/www.lacubadebaco.com\/bodega\/#website\",\"url\":\"https:\/\/www.lacubadebaco.com\/bodega\/\",\"name\":\"Comprar vino | Arag\u00f3n y Navarra | La Cuba de Baco\",\"description\":\"Comprar vino de Arag\u00f3n | Comprar vino de Navarra | Tienda de vino online de Navarra  y Arag\u00f3n | La Cuba de Baco\",\"publisher\":{\"@id\":\"https:\/\/www.lacubadebaco.com\/bodega\/#organization\"},\"potentialAction\":[{\"@type\":\"SearchAction\",\"target\":{\"@type\":\"EntryPoint\",\"urlTemplate\":\"https:\/\/www.lacubadebaco.com\/bodega\/?s={search_term_string}\"},\"query-input\":{\"@type\":\"PropertyValueSpecification\",\"valueRequired\":true,\"valueName\":\"search_term_string\"}}],\"inLanguage\":\"es\"},{\"@type\":\"Organization\",\"@id\":\"https:\/\/www.lacubadebaco.com\/bodega\/#organization\",\"name\":\"La Cuba de Baco\",\"url\":\"https:\/\/www.lacubadebaco.com\/bodega\/\",\"logo\":{\"@type\":\"ImageObject\",\"inLanguage\":\"es\",\"@id\":\"https:\/\/www.lacubadebaco.com\/bodega\/#\/schema\/logo\/image\/\",\"url\":\"https:\/\/www.lacubadebaco.com\/bodega\/wp-content\/uploads\/2014\/01\/logoslider.png\",\"contentUrl\":\"https:\/\/www.lacubadebaco.com\/bodega\/wp-content\/uploads\/2014\/01\/logoslider.png\",\"width\":440,\"height\":256,\"caption\":\"La Cuba de Baco\"},\"image\":{\"@id\":\"https:\/\/www.lacubadebaco.com\/bodega\/#\/schema\/logo\/image\/\"}}]}<\/script>\n<!-- \/ Yoast SEO plugin. -->","yoast_head_json":{"title":"Cava Reyes de Arag\u00f3n El Casto Brut Reserva - Comprar vino | Arag\u00f3n y Navarra | La Cuba de Baco","description":"Comprar vino de Arag\u00f3n | Comprar vino de Navarra","robots":{"index":"index","follow":"follow","max-snippet":"max-snippet:-1","max-image-preview":"max-image-preview:large","max-video-preview":"max-video-preview:-1"},"canonical":"https:\/\/www.lacubadebaco.com\/bodega\/tiendadevinos\/cava-reyes-de-aragon-brut-reserva\/","og_locale":"es_ES","og_type":"article","og_title":"Cava Reyes de Arag\u00f3n El Casto Brut Reserva - Comprar vino | Arag\u00f3n y Navarra | La Cuba de Baco","og_description":"Comprar vino de Arag\u00f3n | Comprar vino de Navarra","og_url":"https:\/\/www.lacubadebaco.com\/bodega\/tiendadevinos\/cava-reyes-de-aragon-brut-reserva\/","og_site_name":"Comprar vino | Arag\u00f3n y Navarra | La Cuba de Baco","article_modified_time":"2024-04-25T09:41:04+00:00","og_image":[{"width":224,"height":300,"url":"https:\/\/www.lacubadebaco.com\/bodega\/wp-content\/uploads\/2020\/04\/Cava-El-Casto.png","type":"image\/png"}],"twitter_card":"summary_large_image","twitter_misc":{"Tiempo de lectura":"1 minuto"},"schema":{"@context":"https:\/\/schema.org","@graph":[{"@type":"WebPage","@id":"https:\/\/www.lacubadebaco.com\/bodega\/tiendadevinos\/cava-reyes-de-aragon-brut-reserva\/","url":"https:\/\/www.lacubadebaco.com\/bodega\/tiendadevinos\/cava-reyes-de-aragon-brut-reserva\/","name":"Cava Reyes de Arag\u00f3n El Casto Brut Reserva - Comprar vino | Arag\u00f3n y Navarra | La Cuba de Baco","isPartOf":{"@id":"https:\/\/www.lacubadebaco.com\/bodega\/#website"},"primaryImageOfPage":{"@id":"https:\/\/www.lacubadebaco.com\/bodega\/tiendadevinos\/cava-reyes-de-aragon-brut-reserva\/#primaryimage"},"image":{"@id":"https:\/\/www.lacubadebaco.com\/bodega\/tiendadevinos\/cava-reyes-de-aragon-brut-reserva\/#primaryimage"},"thumbnailUrl":"https:\/\/www.lacubadebaco.com\/bodega\/wp-content\/uploads\/2020\/04\/Cava-El-Casto.png","datePublished":"2014-02-05T10:57:39+00:00","dateModified":"2024-04-25T09:41:04+00:00","description":"Comprar vino de Arag\u00f3n | Comprar vino de Navarra","breadcrumb":{"@id":"https:\/\/www.lacubadebaco.com\/bodega\/tiendadevinos\/cava-reyes-de-aragon-brut-reserva\/#breadcrumb"},"inLanguage":"es","potentialAction":[{"@type":"ReadAction","target":["https:\/\/www.lacubadebaco.com\/bodega\/tiendadevinos\/cava-reyes-de-aragon-brut-reserva\/"]}]},{"@type":"ImageObject","inLanguage":"es","@id":"https:\/\/www.lacubadebaco.com\/bodega\/tiendadevinos\/cava-reyes-de-aragon-brut-reserva\/#primaryimage","url":"https:\/\/www.lacubadebaco.com\/bodega\/wp-content\/uploads\/2020\/04\/Cava-El-Casto.png","contentUrl":"https:\/\/www.lacubadebaco.com\/bodega\/wp-content\/uploads\/2020\/04\/Cava-El-Casto.png","width":224,"height":300,"caption":"Cava de Arag\u00f3n | La Cuba de Baco"},{"@type":"BreadcrumbList","@id":"https:\/\/www.lacubadebaco.com\/bodega\/tiendadevinos\/cava-reyes-de-aragon-brut-reserva\/#breadcrumb","itemListElement":[{"@type":"ListItem","position":1,"name":"Portada","item":"https:\/\/www.lacubadebaco.com\/bodega\/home-v8-frontpage-shop\/"},{"@type":"ListItem","position":2,"name":"Tienda de vinos","item":"https:\/\/www.lacubadebaco.com\/bodega\/tiendadevinos\/"},{"@type":"ListItem","position":3,"name":"Cava Reyes de Arag\u00f3n El Casto Brut Reserva"}]},{"@type":"WebSite","@id":"https:\/\/www.lacubadebaco.com\/bodega\/#website","url":"https:\/\/www.lacubadebaco.com\/bodega\/","name":"Comprar vino | Arag\u00f3n y Navarra | La Cuba de Baco","description":"Comprar vino de Arag\u00f3n | Comprar vino de Navarra | Tienda de vino online de Navarra  y Arag\u00f3n | La Cuba de Baco","publisher":{"@id":"https:\/\/www.lacubadebaco.com\/bodega\/#organization"},"potentialAction":[{"@type":"SearchAction","target":{"@type":"EntryPoint","urlTemplate":"https:\/\/www.lacubadebaco.com\/bodega\/?s={search_term_string}"},"query-input":{"@type":"PropertyValueSpecification","valueRequired":true,"valueName":"search_term_string"}}],"inLanguage":"es"},{"@type":"Organization","@id":"https:\/\/www.lacubadebaco.com\/bodega\/#organization","name":"La Cuba de Baco","url":"https:\/\/www.lacubadebaco.com\/bodega\/","logo":{"@type":"ImageObject","inLanguage":"es","@id":"https:\/\/www.lacubadebaco.com\/bodega\/#\/schema\/logo\/image\/","url":"https:\/\/www.lacubadebaco.com\/bodega\/wp-content\/uploads\/2014\/01\/logoslider.png","contentUrl":"https:\/\/www.lacubadebaco.com\/bodega\/wp-content\/uploads\/2014\/01\/logoslider.png","width":440,"height":256,"caption":"La Cuba de Baco"},"image":{"@id":"https:\/\/www.lacubadebaco.com\/bodega\/#\/schema\/logo\/image\/"}}]}},"_links":{"self":[{"href":"https:\/\/www.lacubadebaco.com\/bodega\/wp-json\/wp\/v2\/product\/2594","targetHints":{"allow":["GET"]}}],"collection":[{"href":"https:\/\/www.lacubadebaco.com\/bodega\/wp-json\/wp\/v2\/product"}],"about":[{"href":"https:\/\/www.lacubadebaco.com\/bodega\/wp-json\/wp\/v2\/types\/product"}],"wp:featuredmedia":[{"embeddable":true,"href":"https:\/\/www.lacubadebaco.com\/bodega\/wp-json\/wp\/v2\/media\/5475"}],"wp:attachment":[{"href":"https:\/\/www.lacubadebaco.com\/bodega\/wp-json\/wp\/v2\/media?parent=2594"}],"wp:term":[{"taxonomy":"product_brand","embeddable":true,"href":"https:\/\/www.lacubadebaco.com\/bodega\/wp-json\/wp\/v2\/product_brand?post=2594"},{"taxonomy":"product_cat","embeddable":true,"href":"https:\/\/www.lacubadebaco.com\/bodega\/wp-json\/wp\/v2\/product_cat?post=2594"},{"taxonomy":"product_tag","embeddable":true,"href":"https:\/\/www.lacubadebaco.com\/bodega\/wp-json\/wp\/v2\/product_tag?post=2594"}],"curies":[{"name":"wp","href":"https:\/\/api.w.org\/{rel}","templated":true}]}}