{"id":2615,"date":"2014-02-05T13:09:56","date_gmt":"2014-02-05T12:09:56","guid":{"rendered":"http:\/\/www.lacubadebaco.com\/bodega\/?post_type=product&#038;p=2615"},"modified":"2022-02-09T19:48:34","modified_gmt":"2022-02-09T18:48:34","slug":"altos-de-inurrieta-tinto","status":"publish","type":"product","link":"https:\/\/www.lacubadebaco.com\/bodega\/tiendadevinos\/altos-de-inurrieta-tinto\/","title":{"rendered":"Altos de Inurrieta"},"content":{"rendered":"<p style=\"text-align: justify;\"><b>Variedades de uva:\u00a0<\/b>Cabernet Sauvignon y Merlot. Crianza de 15 meses en barricas de roble franc\u00e9s Allier.<i><\/i><\/p>\n<p style=\"text-align: justify;\"><b>Vi\u00f1edos:\u00a0<\/b>A 450 \u2013 480 m. de altitud.<\/p>\n<p style=\"text-align: justify;\"><b>Regi\u00f3n:\u00a0<\/b>D. O. Navarra<\/p>\n<p style=\"text-align: justify;\"><b>Cata:\u00a0<\/b>\u201cDeleite, placer y equilibrio. Con cuerpo\u2026 y alma\u201d. Nacido en nuestro vi\u00f1edos situados en pendientes y a una altitud de 450 \u2013 480 m., con suelos poco profundos y pedregosos. En estas condiciones la concetraci\u00f3n de la uva es sensacional, con gran equilibrio y expresi\u00f3n.<\/p>\n<p style=\"text-align: justify;\">La cuidada elaboraci\u00f3n otorga un vino de soberbio color, intenso y arom\u00e1tico, donde inicialmente destacan su fragante contenido frutal, el recuerdo de su crianza en roble de calidad y unas seductoras notas minerales. En boca es elegante y carnoso, con unos envolventes\u00a0 y sedosos taninos.<\/p>\n<p><strong>Gu\u00eda Pe\u00f1\u00edn 2020: <\/strong>90\u00a0puntos.<\/p>\n<p style=\"text-align: justify;\"><b>Premios:\u00a0 <\/b>Medalla de Oro Mundus Vini 2020. Bacchus de plata 2020. Bacchus de Plata 2019.\u00a0Gran Bacchus de Oro 2018.<b>\u00a0<\/b>Bacchus de Plata 2015.\u00a0Medalla de Plata Vinalies 2013. Medalla de Plata en el Concurso Mundial de Bruselas 2013.<\/p>\n","protected":false},"excerpt":{"rendered":"<p>Variedades de uva:\u00a0Cabernet Sauvignon y Merlot. Crianza de 15 meses en barricas de roble franc\u00e9s Allier. Vi\u00f1edos:\u00a0A 450 \u2013 480 m. de altitud. Regi\u00f3n:\u00a0D. O. Navarra Cata:\u00a0\u201cDeleite, placer y equilibrio. Con cuerpo\u2026 y alma\u201d. Nacido en nuestro vi\u00f1edos situados en pendientes y a una altitud de 450 \u2013 480 m., con suelos poco profundos y [&hellip;]<\/p>\n","protected":false},"featured_media":5437,"template":"","meta":{"_exactmetrics_skip_tracking":false,"_exactmetrics_sitenote_active":false,"_exactmetrics_sitenote_note":"","_exactmetrics_sitenote_category":0},"product_brand":[],"product_cat":[37,72,36],"product_tag":[56],"class_list":{"0":"post-2615","1":"product","2":"type-product","3":"status-publish","4":"has-post-thumbnail","6":"product_cat-tienda-de-vinos","7":"product_cat-vinos-de-navarra","8":"product_cat-vinos-unicos","9":"product_tag-tinto-reserva","11":"first","12":"instock","13":"taxable","14":"shipping-taxable","15":"purchasable","16":"product-type-simple"},"yoast_head":"<!-- This site is optimized with the Yoast SEO plugin v27.0 - https:\/\/yoast.com\/product\/yoast-seo-wordpress\/ -->\n<title>Altos de Inurrieta - Comprar vino | Arag\u00f3n y Navarra | La Cuba de Baco<\/title>\n<meta name=\"description\" content=\"Comprar vino de Arag\u00f3n | Comprar vino de Navarra\" \/>\n<meta name=\"robots\" content=\"index, follow, max-snippet:-1, max-image-preview:large, max-video-preview:-1\" \/>\n<link rel=\"canonical\" href=\"https:\/\/www.lacubadebaco.com\/bodega\/tiendadevinos\/altos-de-inurrieta-tinto\/\" \/>\n<meta property=\"og:locale\" content=\"es_ES\" \/>\n<meta property=\"og:type\" content=\"article\" \/>\n<meta property=\"og:title\" content=\"Altos de Inurrieta - Comprar vino | Arag\u00f3n y Navarra | La Cuba de Baco\" \/>\n<meta property=\"og:description\" content=\"Comprar vino de Arag\u00f3n | Comprar vino de Navarra\" \/>\n<meta property=\"og:url\" content=\"https:\/\/www.lacubadebaco.com\/bodega\/tiendadevinos\/altos-de-inurrieta-tinto\/\" \/>\n<meta property=\"og:site_name\" content=\"Comprar vino | Arag\u00f3n y Navarra | La Cuba de Baco\" \/>\n<meta property=\"article:modified_time\" content=\"2022-02-09T18:48:34+00:00\" \/>\n<meta property=\"og:image\" content=\"https:\/\/www.lacubadebaco.com\/bodega\/wp-content\/uploads\/2020\/03\/Altos-de-Inurrieta.png\" \/>\n\t<meta property=\"og:image:width\" content=\"224\" \/>\n\t<meta property=\"og:image:height\" content=\"300\" \/>\n\t<meta property=\"og:image:type\" content=\"image\/png\" \/>\n<meta name=\"twitter:card\" content=\"summary_large_image\" \/>\n<meta name=\"twitter:label1\" content=\"Tiempo de lectura\" \/>\n\t<meta name=\"twitter:data1\" content=\"1 minuto\" \/>\n<script type=\"application\/ld+json\" class=\"yoast-schema-graph\">{\"@context\":\"https:\/\/schema.org\",\"@graph\":[{\"@type\":\"WebPage\",\"@id\":\"https:\/\/www.lacubadebaco.com\/bodega\/tiendadevinos\/altos-de-inurrieta-tinto\/\",\"url\":\"https:\/\/www.lacubadebaco.com\/bodega\/tiendadevinos\/altos-de-inurrieta-tinto\/\",\"name\":\"Altos de Inurrieta - Comprar vino | Arag\u00f3n y Navarra | La Cuba de Baco\",\"isPartOf\":{\"@id\":\"https:\/\/www.lacubadebaco.com\/bodega\/#website\"},\"primaryImageOfPage\":{\"@id\":\"https:\/\/www.lacubadebaco.com\/bodega\/tiendadevinos\/altos-de-inurrieta-tinto\/#primaryimage\"},\"image\":{\"@id\":\"https:\/\/www.lacubadebaco.com\/bodega\/tiendadevinos\/altos-de-inurrieta-tinto\/#primaryimage\"},\"thumbnailUrl\":\"https:\/\/www.lacubadebaco.com\/bodega\/wp-content\/uploads\/2020\/03\/Altos-de-Inurrieta.png\",\"datePublished\":\"2014-02-05T12:09:56+00:00\",\"dateModified\":\"2022-02-09T18:48:34+00:00\",\"description\":\"Comprar vino de Arag\u00f3n | Comprar vino de Navarra\",\"breadcrumb\":{\"@id\":\"https:\/\/www.lacubadebaco.com\/bodega\/tiendadevinos\/altos-de-inurrieta-tinto\/#breadcrumb\"},\"inLanguage\":\"es\",\"potentialAction\":[{\"@type\":\"ReadAction\",\"target\":[\"https:\/\/www.lacubadebaco.com\/bodega\/tiendadevinos\/altos-de-inurrieta-tinto\/\"]}]},{\"@type\":\"ImageObject\",\"inLanguage\":\"es\",\"@id\":\"https:\/\/www.lacubadebaco.com\/bodega\/tiendadevinos\/altos-de-inurrieta-tinto\/#primaryimage\",\"url\":\"https:\/\/www.lacubadebaco.com\/bodega\/wp-content\/uploads\/2020\/03\/Altos-de-Inurrieta.png\",\"contentUrl\":\"https:\/\/www.lacubadebaco.com\/bodega\/wp-content\/uploads\/2020\/03\/Altos-de-Inurrieta.png\",\"width\":224,\"height\":300,\"caption\":\"Comprar vino de Navarra | Tinto Reserva | La Cuba de Baco\"},{\"@type\":\"BreadcrumbList\",\"@id\":\"https:\/\/www.lacubadebaco.com\/bodega\/tiendadevinos\/altos-de-inurrieta-tinto\/#breadcrumb\",\"itemListElement\":[{\"@type\":\"ListItem\",\"position\":1,\"name\":\"Portada\",\"item\":\"https:\/\/www.lacubadebaco.com\/bodega\/home-v8-frontpage-shop\/\"},{\"@type\":\"ListItem\",\"position\":2,\"name\":\"Tienda de vinos\",\"item\":\"https:\/\/www.lacubadebaco.com\/bodega\/tiendadevinos\/\"},{\"@type\":\"ListItem\",\"position\":3,\"name\":\"Altos de Inurrieta\"}]},{\"@type\":\"WebSite\",\"@id\":\"https:\/\/www.lacubadebaco.com\/bodega\/#website\",\"url\":\"https:\/\/www.lacubadebaco.com\/bodega\/\",\"name\":\"Comprar vino | Arag\u00f3n y Navarra | La Cuba de Baco\",\"description\":\"Comprar vino de Arag\u00f3n | Comprar vino de Navarra | Tienda de vino online de Navarra  y Arag\u00f3n | La Cuba de Baco\",\"publisher\":{\"@id\":\"https:\/\/www.lacubadebaco.com\/bodega\/#organization\"},\"potentialAction\":[{\"@type\":\"SearchAction\",\"target\":{\"@type\":\"EntryPoint\",\"urlTemplate\":\"https:\/\/www.lacubadebaco.com\/bodega\/?s={search_term_string}\"},\"query-input\":{\"@type\":\"PropertyValueSpecification\",\"valueRequired\":true,\"valueName\":\"search_term_string\"}}],\"inLanguage\":\"es\"},{\"@type\":\"Organization\",\"@id\":\"https:\/\/www.lacubadebaco.com\/bodega\/#organization\",\"name\":\"La Cuba de Baco\",\"url\":\"https:\/\/www.lacubadebaco.com\/bodega\/\",\"logo\":{\"@type\":\"ImageObject\",\"inLanguage\":\"es\",\"@id\":\"https:\/\/www.lacubadebaco.com\/bodega\/#\/schema\/logo\/image\/\",\"url\":\"https:\/\/www.lacubadebaco.com\/bodega\/wp-content\/uploads\/2014\/01\/logoslider.png\",\"contentUrl\":\"https:\/\/www.lacubadebaco.com\/bodega\/wp-content\/uploads\/2014\/01\/logoslider.png\",\"width\":440,\"height\":256,\"caption\":\"La Cuba de Baco\"},\"image\":{\"@id\":\"https:\/\/www.lacubadebaco.com\/bodega\/#\/schema\/logo\/image\/\"}}]}<\/script>\n<!-- \/ Yoast SEO plugin. -->","yoast_head_json":{"title":"Altos de Inurrieta - Comprar vino | Arag\u00f3n y Navarra | La Cuba de Baco","description":"Comprar vino de Arag\u00f3n | Comprar vino de Navarra","robots":{"index":"index","follow":"follow","max-snippet":"max-snippet:-1","max-image-preview":"max-image-preview:large","max-video-preview":"max-video-preview:-1"},"canonical":"https:\/\/www.lacubadebaco.com\/bodega\/tiendadevinos\/altos-de-inurrieta-tinto\/","og_locale":"es_ES","og_type":"article","og_title":"Altos de Inurrieta - Comprar vino | Arag\u00f3n y Navarra | La Cuba de Baco","og_description":"Comprar vino de Arag\u00f3n | Comprar vino de Navarra","og_url":"https:\/\/www.lacubadebaco.com\/bodega\/tiendadevinos\/altos-de-inurrieta-tinto\/","og_site_name":"Comprar vino | Arag\u00f3n y Navarra | La Cuba de Baco","article_modified_time":"2022-02-09T18:48:34+00:00","og_image":[{"width":224,"height":300,"url":"https:\/\/www.lacubadebaco.com\/bodega\/wp-content\/uploads\/2020\/03\/Altos-de-Inurrieta.png","type":"image\/png"}],"twitter_card":"summary_large_image","twitter_misc":{"Tiempo de lectura":"1 minuto"},"schema":{"@context":"https:\/\/schema.org","@graph":[{"@type":"WebPage","@id":"https:\/\/www.lacubadebaco.com\/bodega\/tiendadevinos\/altos-de-inurrieta-tinto\/","url":"https:\/\/www.lacubadebaco.com\/bodega\/tiendadevinos\/altos-de-inurrieta-tinto\/","name":"Altos de Inurrieta - Comprar vino | Arag\u00f3n y Navarra | La Cuba de Baco","isPartOf":{"@id":"https:\/\/www.lacubadebaco.com\/bodega\/#website"},"primaryImageOfPage":{"@id":"https:\/\/www.lacubadebaco.com\/bodega\/tiendadevinos\/altos-de-inurrieta-tinto\/#primaryimage"},"image":{"@id":"https:\/\/www.lacubadebaco.com\/bodega\/tiendadevinos\/altos-de-inurrieta-tinto\/#primaryimage"},"thumbnailUrl":"https:\/\/www.lacubadebaco.com\/bodega\/wp-content\/uploads\/2020\/03\/Altos-de-Inurrieta.png","datePublished":"2014-02-05T12:09:56+00:00","dateModified":"2022-02-09T18:48:34+00:00","description":"Comprar vino de Arag\u00f3n | Comprar vino de Navarra","breadcrumb":{"@id":"https:\/\/www.lacubadebaco.com\/bodega\/tiendadevinos\/altos-de-inurrieta-tinto\/#breadcrumb"},"inLanguage":"es","potentialAction":[{"@type":"ReadAction","target":["https:\/\/www.lacubadebaco.com\/bodega\/tiendadevinos\/altos-de-inurrieta-tinto\/"]}]},{"@type":"ImageObject","inLanguage":"es","@id":"https:\/\/www.lacubadebaco.com\/bodega\/tiendadevinos\/altos-de-inurrieta-tinto\/#primaryimage","url":"https:\/\/www.lacubadebaco.com\/bodega\/wp-content\/uploads\/2020\/03\/Altos-de-Inurrieta.png","contentUrl":"https:\/\/www.lacubadebaco.com\/bodega\/wp-content\/uploads\/2020\/03\/Altos-de-Inurrieta.png","width":224,"height":300,"caption":"Comprar vino de Navarra | Tinto Reserva | La Cuba de Baco"},{"@type":"BreadcrumbList","@id":"https:\/\/www.lacubadebaco.com\/bodega\/tiendadevinos\/altos-de-inurrieta-tinto\/#breadcrumb","itemListElement":[{"@type":"ListItem","position":1,"name":"Portada","item":"https:\/\/www.lacubadebaco.com\/bodega\/home-v8-frontpage-shop\/"},{"@type":"ListItem","position":2,"name":"Tienda de vinos","item":"https:\/\/www.lacubadebaco.com\/bodega\/tiendadevinos\/"},{"@type":"ListItem","position":3,"name":"Altos de Inurrieta"}]},{"@type":"WebSite","@id":"https:\/\/www.lacubadebaco.com\/bodega\/#website","url":"https:\/\/www.lacubadebaco.com\/bodega\/","name":"Comprar vino | Arag\u00f3n y Navarra | La Cuba de Baco","description":"Comprar vino de Arag\u00f3n | Comprar vino de Navarra | Tienda de vino online de Navarra  y Arag\u00f3n | La Cuba de Baco","publisher":{"@id":"https:\/\/www.lacubadebaco.com\/bodega\/#organization"},"potentialAction":[{"@type":"SearchAction","target":{"@type":"EntryPoint","urlTemplate":"https:\/\/www.lacubadebaco.com\/bodega\/?s={search_term_string}"},"query-input":{"@type":"PropertyValueSpecification","valueRequired":true,"valueName":"search_term_string"}}],"inLanguage":"es"},{"@type":"Organization","@id":"https:\/\/www.lacubadebaco.com\/bodega\/#organization","name":"La Cuba de Baco","url":"https:\/\/www.lacubadebaco.com\/bodega\/","logo":{"@type":"ImageObject","inLanguage":"es","@id":"https:\/\/www.lacubadebaco.com\/bodega\/#\/schema\/logo\/image\/","url":"https:\/\/www.lacubadebaco.com\/bodega\/wp-content\/uploads\/2014\/01\/logoslider.png","contentUrl":"https:\/\/www.lacubadebaco.com\/bodega\/wp-content\/uploads\/2014\/01\/logoslider.png","width":440,"height":256,"caption":"La Cuba de Baco"},"image":{"@id":"https:\/\/www.lacubadebaco.com\/bodega\/#\/schema\/logo\/image\/"}}]}},"_links":{"self":[{"href":"https:\/\/www.lacubadebaco.com\/bodega\/wp-json\/wp\/v2\/product\/2615","targetHints":{"allow":["GET"]}}],"collection":[{"href":"https:\/\/www.lacubadebaco.com\/bodega\/wp-json\/wp\/v2\/product"}],"about":[{"href":"https:\/\/www.lacubadebaco.com\/bodega\/wp-json\/wp\/v2\/types\/product"}],"wp:featuredmedia":[{"embeddable":true,"href":"https:\/\/www.lacubadebaco.com\/bodega\/wp-json\/wp\/v2\/media\/5437"}],"wp:attachment":[{"href":"https:\/\/www.lacubadebaco.com\/bodega\/wp-json\/wp\/v2\/media?parent=2615"}],"wp:term":[{"taxonomy":"product_brand","embeddable":true,"href":"https:\/\/www.lacubadebaco.com\/bodega\/wp-json\/wp\/v2\/product_brand?post=2615"},{"taxonomy":"product_cat","embeddable":true,"href":"https:\/\/www.lacubadebaco.com\/bodega\/wp-json\/wp\/v2\/product_cat?post=2615"},{"taxonomy":"product_tag","embeddable":true,"href":"https:\/\/www.lacubadebaco.com\/bodega\/wp-json\/wp\/v2\/product_tag?post=2615"}],"curies":[{"name":"wp","href":"https:\/\/api.w.org\/{rel}","templated":true}]}}