{"id":3084,"date":"2014-05-02T19:39:50","date_gmt":"2014-05-02T17:39:50","guid":{"rendered":"http:\/\/www.lacubadebaco.com\/bodega\/?post_type=product&#038;p=3084"},"modified":"2025-02-19T12:05:16","modified_gmt":"2025-02-19T11:05:16","slug":"laderas-de-inurrieta-tinto","status":"publish","type":"product","link":"https:\/\/www.lacubadebaco.com\/bodega\/tiendadevinos\/laderas-de-inurrieta-tinto\/","title":{"rendered":"Laderas de Inurrieta"},"content":{"rendered":"<p style=\"text-align: justify;\"><b>Variedades de uva:<\/b>\u00a0100 % Graciano.<\/p>\n<p style=\"text-align: justify;\"><b>Vi\u00f1edos: <\/b>&#8211;<\/p>\n<p style=\"text-align: justify;\"><b>Regi\u00f3n: <\/b>D. O. Navarra<\/p>\n<p style=\"text-align: justify;\"><b>Cata: <\/b>Color\u00a0con especial intensidad, muy saturado. A la nariz, las notas bals\u00e1micas de la uva bien madura son su marca distintiva. En la boca su bien integrada acidez apoya la expresi\u00f3n arom\u00e1tica del vino contribuyendo a un volumen sobresaliente. Los tostados del roble quedan muy disimulados y la fruta y el frescor dominan la boca que se envuelve en suave licor con un final voluminoso, persistente y vivo.<\/p>\n<p style=\"text-align: justify;\"><b>Gu\u00eda Pe\u00f1\u00edn 2020: <\/b><strong>&#8211;<\/strong><\/p>\n<p style=\"text-align: justify;\"><b>Premios: <\/b>\u00a0Bacchus de Oro 2020. Medalla de Planta Mundus Vino \u00a02018. Medalla de Plata Concours Mondial Bruxelles 2014. Bacchus de Oro 2014 en la categor\u00eda vinos tintos tranquilos.<\/p>\n<p style=\"text-align: justify;\">\n","protected":false},"excerpt":{"rendered":"<p>Variedades de uva:\u00a0100 % Graciano. Vi\u00f1edos: &#8211; Regi\u00f3n: D. O. Navarra Cata: Color\u00a0con especial intensidad, muy saturado. A la nariz, las notas bals\u00e1micas de la uva bien madura son su marca distintiva. En la boca su bien integrada acidez apoya la expresi\u00f3n arom\u00e1tica del vino contribuyendo a un volumen sobresaliente. Los tostados del roble quedan [&hellip;]<\/p>\n","protected":false},"featured_media":5542,"template":"","meta":{"_exactmetrics_skip_tracking":false,"_exactmetrics_sitenote_active":false,"_exactmetrics_sitenote_note":"","_exactmetrics_sitenote_category":0},"product_brand":[],"product_cat":[37,72,36],"product_tag":[56],"class_list":{"0":"post-3084","1":"product","2":"type-product","3":"status-publish","4":"has-post-thumbnail","6":"product_cat-tienda-de-vinos","7":"product_cat-vinos-de-navarra","8":"product_cat-vinos-unicos","9":"product_tag-tinto-reserva","11":"first","12":"instock","13":"taxable","14":"shipping-taxable","15":"purchasable","16":"product-type-simple"},"yoast_head":"<!-- This site is optimized with the Yoast SEO plugin v27.0 - https:\/\/yoast.com\/product\/yoast-seo-wordpress\/ -->\n<title>Laderas de Inurrieta - Comprar vino | Arag\u00f3n y Navarra | La Cuba de Baco<\/title>\n<meta name=\"description\" content=\"Comprar vino de Arag\u00f3n | Comprar vino de Navarra\" \/>\n<meta name=\"robots\" content=\"index, follow, max-snippet:-1, max-image-preview:large, max-video-preview:-1\" \/>\n<link rel=\"canonical\" href=\"https:\/\/www.lacubadebaco.com\/bodega\/tiendadevinos\/laderas-de-inurrieta-tinto\/\" \/>\n<meta property=\"og:locale\" content=\"es_ES\" \/>\n<meta property=\"og:type\" content=\"article\" \/>\n<meta property=\"og:title\" content=\"Laderas de Inurrieta - Comprar vino | Arag\u00f3n y Navarra | La Cuba de Baco\" \/>\n<meta property=\"og:description\" content=\"Comprar vino de Arag\u00f3n | Comprar vino de Navarra\" \/>\n<meta property=\"og:url\" content=\"https:\/\/www.lacubadebaco.com\/bodega\/tiendadevinos\/laderas-de-inurrieta-tinto\/\" \/>\n<meta property=\"og:site_name\" content=\"Comprar vino | Arag\u00f3n y Navarra | La Cuba de Baco\" \/>\n<meta property=\"article:modified_time\" content=\"2025-02-19T11:05:16+00:00\" \/>\n<meta property=\"og:image\" content=\"https:\/\/www.lacubadebaco.com\/bodega\/wp-content\/uploads\/2020\/04\/Laderas-de-Inurrieta.png\" \/>\n\t<meta property=\"og:image:width\" content=\"224\" \/>\n\t<meta property=\"og:image:height\" content=\"300\" \/>\n\t<meta property=\"og:image:type\" content=\"image\/png\" \/>\n<meta name=\"twitter:card\" content=\"summary_large_image\" \/>\n<meta name=\"twitter:label1\" content=\"Tiempo de lectura\" \/>\n\t<meta name=\"twitter:data1\" content=\"1 minuto\" \/>\n<script type=\"application\/ld+json\" class=\"yoast-schema-graph\">{\"@context\":\"https:\/\/schema.org\",\"@graph\":[{\"@type\":\"WebPage\",\"@id\":\"https:\/\/www.lacubadebaco.com\/bodega\/tiendadevinos\/laderas-de-inurrieta-tinto\/\",\"url\":\"https:\/\/www.lacubadebaco.com\/bodega\/tiendadevinos\/laderas-de-inurrieta-tinto\/\",\"name\":\"Laderas de Inurrieta - Comprar vino | Arag\u00f3n y Navarra | La Cuba de Baco\",\"isPartOf\":{\"@id\":\"https:\/\/www.lacubadebaco.com\/bodega\/#website\"},\"primaryImageOfPage\":{\"@id\":\"https:\/\/www.lacubadebaco.com\/bodega\/tiendadevinos\/laderas-de-inurrieta-tinto\/#primaryimage\"},\"image\":{\"@id\":\"https:\/\/www.lacubadebaco.com\/bodega\/tiendadevinos\/laderas-de-inurrieta-tinto\/#primaryimage\"},\"thumbnailUrl\":\"https:\/\/www.lacubadebaco.com\/bodega\/wp-content\/uploads\/2020\/04\/Laderas-de-Inurrieta.png\",\"datePublished\":\"2014-05-02T17:39:50+00:00\",\"dateModified\":\"2025-02-19T11:05:16+00:00\",\"description\":\"Comprar vino de Arag\u00f3n | Comprar vino de Navarra\",\"breadcrumb\":{\"@id\":\"https:\/\/www.lacubadebaco.com\/bodega\/tiendadevinos\/laderas-de-inurrieta-tinto\/#breadcrumb\"},\"inLanguage\":\"es\",\"potentialAction\":[{\"@type\":\"ReadAction\",\"target\":[\"https:\/\/www.lacubadebaco.com\/bodega\/tiendadevinos\/laderas-de-inurrieta-tinto\/\"]}]},{\"@type\":\"ImageObject\",\"inLanguage\":\"es\",\"@id\":\"https:\/\/www.lacubadebaco.com\/bodega\/tiendadevinos\/laderas-de-inurrieta-tinto\/#primaryimage\",\"url\":\"https:\/\/www.lacubadebaco.com\/bodega\/wp-content\/uploads\/2020\/04\/Laderas-de-Inurrieta.png\",\"contentUrl\":\"https:\/\/www.lacubadebaco.com\/bodega\/wp-content\/uploads\/2020\/04\/Laderas-de-Inurrieta.png\",\"width\":224,\"height\":300,\"caption\":\"Vino de Navarra | Tinto Reserva | La Cuba de Baco\"},{\"@type\":\"BreadcrumbList\",\"@id\":\"https:\/\/www.lacubadebaco.com\/bodega\/tiendadevinos\/laderas-de-inurrieta-tinto\/#breadcrumb\",\"itemListElement\":[{\"@type\":\"ListItem\",\"position\":1,\"name\":\"Portada\",\"item\":\"https:\/\/www.lacubadebaco.com\/bodega\/home-v8-frontpage-shop\/\"},{\"@type\":\"ListItem\",\"position\":2,\"name\":\"Tienda de vinos\",\"item\":\"https:\/\/www.lacubadebaco.com\/bodega\/tiendadevinos\/\"},{\"@type\":\"ListItem\",\"position\":3,\"name\":\"Laderas de Inurrieta\"}]},{\"@type\":\"WebSite\",\"@id\":\"https:\/\/www.lacubadebaco.com\/bodega\/#website\",\"url\":\"https:\/\/www.lacubadebaco.com\/bodega\/\",\"name\":\"Comprar vino | Arag\u00f3n y Navarra | La Cuba de Baco\",\"description\":\"Comprar vino de Arag\u00f3n | Comprar vino de Navarra | Tienda de vino online de Navarra  y Arag\u00f3n | La Cuba de Baco\",\"publisher\":{\"@id\":\"https:\/\/www.lacubadebaco.com\/bodega\/#organization\"},\"potentialAction\":[{\"@type\":\"SearchAction\",\"target\":{\"@type\":\"EntryPoint\",\"urlTemplate\":\"https:\/\/www.lacubadebaco.com\/bodega\/?s={search_term_string}\"},\"query-input\":{\"@type\":\"PropertyValueSpecification\",\"valueRequired\":true,\"valueName\":\"search_term_string\"}}],\"inLanguage\":\"es\"},{\"@type\":\"Organization\",\"@id\":\"https:\/\/www.lacubadebaco.com\/bodega\/#organization\",\"name\":\"La Cuba de Baco\",\"url\":\"https:\/\/www.lacubadebaco.com\/bodega\/\",\"logo\":{\"@type\":\"ImageObject\",\"inLanguage\":\"es\",\"@id\":\"https:\/\/www.lacubadebaco.com\/bodega\/#\/schema\/logo\/image\/\",\"url\":\"https:\/\/www.lacubadebaco.com\/bodega\/wp-content\/uploads\/2014\/01\/logoslider.png\",\"contentUrl\":\"https:\/\/www.lacubadebaco.com\/bodega\/wp-content\/uploads\/2014\/01\/logoslider.png\",\"width\":440,\"height\":256,\"caption\":\"La Cuba de Baco\"},\"image\":{\"@id\":\"https:\/\/www.lacubadebaco.com\/bodega\/#\/schema\/logo\/image\/\"}}]}<\/script>\n<!-- \/ Yoast SEO plugin. -->","yoast_head_json":{"title":"Laderas de Inurrieta - Comprar vino | Arag\u00f3n y Navarra | La Cuba de Baco","description":"Comprar vino de Arag\u00f3n | Comprar vino de Navarra","robots":{"index":"index","follow":"follow","max-snippet":"max-snippet:-1","max-image-preview":"max-image-preview:large","max-video-preview":"max-video-preview:-1"},"canonical":"https:\/\/www.lacubadebaco.com\/bodega\/tiendadevinos\/laderas-de-inurrieta-tinto\/","og_locale":"es_ES","og_type":"article","og_title":"Laderas de Inurrieta - Comprar vino | Arag\u00f3n y Navarra | La Cuba de Baco","og_description":"Comprar vino de Arag\u00f3n | Comprar vino de Navarra","og_url":"https:\/\/www.lacubadebaco.com\/bodega\/tiendadevinos\/laderas-de-inurrieta-tinto\/","og_site_name":"Comprar vino | Arag\u00f3n y Navarra | La Cuba de Baco","article_modified_time":"2025-02-19T11:05:16+00:00","og_image":[{"width":224,"height":300,"url":"https:\/\/www.lacubadebaco.com\/bodega\/wp-content\/uploads\/2020\/04\/Laderas-de-Inurrieta.png","type":"image\/png"}],"twitter_card":"summary_large_image","twitter_misc":{"Tiempo de lectura":"1 minuto"},"schema":{"@context":"https:\/\/schema.org","@graph":[{"@type":"WebPage","@id":"https:\/\/www.lacubadebaco.com\/bodega\/tiendadevinos\/laderas-de-inurrieta-tinto\/","url":"https:\/\/www.lacubadebaco.com\/bodega\/tiendadevinos\/laderas-de-inurrieta-tinto\/","name":"Laderas de Inurrieta - Comprar vino | Arag\u00f3n y Navarra | La Cuba de Baco","isPartOf":{"@id":"https:\/\/www.lacubadebaco.com\/bodega\/#website"},"primaryImageOfPage":{"@id":"https:\/\/www.lacubadebaco.com\/bodega\/tiendadevinos\/laderas-de-inurrieta-tinto\/#primaryimage"},"image":{"@id":"https:\/\/www.lacubadebaco.com\/bodega\/tiendadevinos\/laderas-de-inurrieta-tinto\/#primaryimage"},"thumbnailUrl":"https:\/\/www.lacubadebaco.com\/bodega\/wp-content\/uploads\/2020\/04\/Laderas-de-Inurrieta.png","datePublished":"2014-05-02T17:39:50+00:00","dateModified":"2025-02-19T11:05:16+00:00","description":"Comprar vino de Arag\u00f3n | Comprar vino de Navarra","breadcrumb":{"@id":"https:\/\/www.lacubadebaco.com\/bodega\/tiendadevinos\/laderas-de-inurrieta-tinto\/#breadcrumb"},"inLanguage":"es","potentialAction":[{"@type":"ReadAction","target":["https:\/\/www.lacubadebaco.com\/bodega\/tiendadevinos\/laderas-de-inurrieta-tinto\/"]}]},{"@type":"ImageObject","inLanguage":"es","@id":"https:\/\/www.lacubadebaco.com\/bodega\/tiendadevinos\/laderas-de-inurrieta-tinto\/#primaryimage","url":"https:\/\/www.lacubadebaco.com\/bodega\/wp-content\/uploads\/2020\/04\/Laderas-de-Inurrieta.png","contentUrl":"https:\/\/www.lacubadebaco.com\/bodega\/wp-content\/uploads\/2020\/04\/Laderas-de-Inurrieta.png","width":224,"height":300,"caption":"Vino de Navarra | Tinto Reserva | La Cuba de Baco"},{"@type":"BreadcrumbList","@id":"https:\/\/www.lacubadebaco.com\/bodega\/tiendadevinos\/laderas-de-inurrieta-tinto\/#breadcrumb","itemListElement":[{"@type":"ListItem","position":1,"name":"Portada","item":"https:\/\/www.lacubadebaco.com\/bodega\/home-v8-frontpage-shop\/"},{"@type":"ListItem","position":2,"name":"Tienda de vinos","item":"https:\/\/www.lacubadebaco.com\/bodega\/tiendadevinos\/"},{"@type":"ListItem","position":3,"name":"Laderas de Inurrieta"}]},{"@type":"WebSite","@id":"https:\/\/www.lacubadebaco.com\/bodega\/#website","url":"https:\/\/www.lacubadebaco.com\/bodega\/","name":"Comprar vino | Arag\u00f3n y Navarra | La Cuba de Baco","description":"Comprar vino de Arag\u00f3n | Comprar vino de Navarra | Tienda de vino online de Navarra  y Arag\u00f3n | La Cuba de Baco","publisher":{"@id":"https:\/\/www.lacubadebaco.com\/bodega\/#organization"},"potentialAction":[{"@type":"SearchAction","target":{"@type":"EntryPoint","urlTemplate":"https:\/\/www.lacubadebaco.com\/bodega\/?s={search_term_string}"},"query-input":{"@type":"PropertyValueSpecification","valueRequired":true,"valueName":"search_term_string"}}],"inLanguage":"es"},{"@type":"Organization","@id":"https:\/\/www.lacubadebaco.com\/bodega\/#organization","name":"La Cuba de Baco","url":"https:\/\/www.lacubadebaco.com\/bodega\/","logo":{"@type":"ImageObject","inLanguage":"es","@id":"https:\/\/www.lacubadebaco.com\/bodega\/#\/schema\/logo\/image\/","url":"https:\/\/www.lacubadebaco.com\/bodega\/wp-content\/uploads\/2014\/01\/logoslider.png","contentUrl":"https:\/\/www.lacubadebaco.com\/bodega\/wp-content\/uploads\/2014\/01\/logoslider.png","width":440,"height":256,"caption":"La Cuba de Baco"},"image":{"@id":"https:\/\/www.lacubadebaco.com\/bodega\/#\/schema\/logo\/image\/"}}]}},"_links":{"self":[{"href":"https:\/\/www.lacubadebaco.com\/bodega\/wp-json\/wp\/v2\/product\/3084","targetHints":{"allow":["GET"]}}],"collection":[{"href":"https:\/\/www.lacubadebaco.com\/bodega\/wp-json\/wp\/v2\/product"}],"about":[{"href":"https:\/\/www.lacubadebaco.com\/bodega\/wp-json\/wp\/v2\/types\/product"}],"wp:featuredmedia":[{"embeddable":true,"href":"https:\/\/www.lacubadebaco.com\/bodega\/wp-json\/wp\/v2\/media\/5542"}],"wp:attachment":[{"href":"https:\/\/www.lacubadebaco.com\/bodega\/wp-json\/wp\/v2\/media?parent=3084"}],"wp:term":[{"taxonomy":"product_brand","embeddable":true,"href":"https:\/\/www.lacubadebaco.com\/bodega\/wp-json\/wp\/v2\/product_brand?post=3084"},{"taxonomy":"product_cat","embeddable":true,"href":"https:\/\/www.lacubadebaco.com\/bodega\/wp-json\/wp\/v2\/product_cat?post=3084"},{"taxonomy":"product_tag","embeddable":true,"href":"https:\/\/www.lacubadebaco.com\/bodega\/wp-json\/wp\/v2\/product_tag?post=3084"}],"curies":[{"name":"wp","href":"https:\/\/api.w.org\/{rel}","templated":true}]}}