{"id":3869,"date":"2016-03-09T22:47:27","date_gmt":"2016-03-09T21:47:27","guid":{"rendered":"http:\/\/www.lacubadebaco.com\/bodega\/?post_type=product&#038;p=3869"},"modified":"2024-05-16T12:28:13","modified_gmt":"2024-05-16T10:28:13","slug":"vinas-viejas-garnacha-tinto","status":"publish","type":"product","link":"https:\/\/www.lacubadebaco.com\/bodega\/tiendadevinos\/vinas-viejas-garnacha-tinto\/","title":{"rendered":"Vi\u00f1as Viejas de Paniza Garnacha"},"content":{"rendered":"<p><b>Variedades de uva:<\/b>\u00a0100 % Garnacha.<\/p>\n<p><b>Vi\u00f1edos:\u00a0<\/b>A 700 metros de altura, en terreno pedregoso.<\/p>\n<p><b>Regi\u00f3n:\u00a0<\/b>D. O. Cari\u00f1ena<\/p>\n<p><b>Cata: <\/b>Expresivos aromas a frambuesa y picota acompa\u00f1ados de recuerdos de moca y vainilla que aportan riqueza y complejidad.<\/p>\n<p>Ideal para acompa\u00f1ar carne asada, tomates cocidos y pan tostado. Tambi\u00e9n se puede disfrutar con un aperitivo<b>.<\/b><\/p>\n<p>Vinificaci\u00f3n: Elaborado con vi\u00f1as viejas de hasta 100 a\u00f1os que provienes de las zonas m\u00e1s elevadas de los alrededores de Paniza, en la reg\u00edon de Cari\u00f1ena. Tras el estrujado y despalillado, la uva fermenta durante 15 d\u00edas y la fermentaci\u00f3n se realiza a temperatura controlada en dep\u00f3sitos de acero inoxidable, con varios remontados diarios. Tras el descubre y posterior fermantaci\u00f3n malol\u00e1ctica, se realiza el coupage y el vino se pasa a barrica durante seis meses. Posteriormente el vino se embotellar\u00e1 y permanecer\u00e1 en el silencio de nuestra bodega subterr\u00e1nea.<\/p>\n<p><b>Gu\u00eda Pe\u00f1\u00edn 2020: <\/b>88 puntos.<\/p>\n<p><strong>Premios:\u00a0<\/strong>Medalla de Oro Mundus Vini 2018.<\/p>\n","protected":false},"excerpt":{"rendered":"<p>Variedades de uva:\u00a0100 % Garnacha. Vi\u00f1edos:\u00a0A 700 metros de altura, en terreno pedregoso. Regi\u00f3n:\u00a0D. O. Cari\u00f1ena Cata: Expresivos aromas a frambuesa y picota acompa\u00f1ados de recuerdos de moca y vainilla que aportan riqueza y complejidad. Ideal para acompa\u00f1ar carne asada, tomates cocidos y pan tostado. Tambi\u00e9n se puede disfrutar con un aperitivo. Vinificaci\u00f3n: Elaborado con [&hellip;]<\/p>\n","protected":false},"featured_media":3876,"template":"","meta":{"_exactmetrics_skip_tracking":false,"_exactmetrics_sitenote_active":false,"_exactmetrics_sitenote_note":"","_exactmetrics_sitenote_category":0},"product_brand":[],"product_cat":[78,37,73],"product_tag":[60],"class_list":{"0":"post-3869","1":"product","2":"type-product","3":"status-publish","4":"has-post-thumbnail","6":"product_cat-vinos-100-garnacha","7":"product_cat-tienda-de-vinos","8":"product_cat-vinos-de-aragon","9":"product_tag-tinto-barrica","11":"first","12":"instock","13":"taxable","14":"shipping-taxable","15":"purchasable","16":"product-type-simple"},"yoast_head":"<!-- This site is optimized with the Yoast SEO plugin v27.0 - https:\/\/yoast.com\/product\/yoast-seo-wordpress\/ -->\n<title>Vi\u00f1as Viejas de Paniza Garnacha - Comprar vino | Arag\u00f3n y Navarra | La Cuba de Baco<\/title>\n<meta name=\"description\" content=\"Comprar vino de Arag\u00f3n | Comprar vino de Navarra\" \/>\n<meta name=\"robots\" content=\"index, follow, max-snippet:-1, max-image-preview:large, max-video-preview:-1\" \/>\n<link rel=\"canonical\" href=\"https:\/\/www.lacubadebaco.com\/bodega\/tiendadevinos\/vinas-viejas-garnacha-tinto\/\" \/>\n<meta property=\"og:locale\" content=\"es_ES\" \/>\n<meta property=\"og:type\" content=\"article\" \/>\n<meta property=\"og:title\" content=\"Vi\u00f1as Viejas de Paniza Garnacha - Comprar vino | Arag\u00f3n y Navarra | La Cuba de Baco\" \/>\n<meta property=\"og:description\" content=\"Comprar vino de Arag\u00f3n | Comprar vino de Navarra\" \/>\n<meta property=\"og:url\" content=\"https:\/\/www.lacubadebaco.com\/bodega\/tiendadevinos\/vinas-viejas-garnacha-tinto\/\" \/>\n<meta property=\"og:site_name\" content=\"Comprar vino | Arag\u00f3n y Navarra | La Cuba de Baco\" \/>\n<meta property=\"article:modified_time\" content=\"2024-05-16T10:28:13+00:00\" \/>\n<meta property=\"og:image\" content=\"https:\/\/www.lacubadebaco.com\/bodega\/wp-content\/uploads\/2016\/03\/Paniza-Vi\u00f1as-Viejas.png\" \/>\n\t<meta property=\"og:image:width\" content=\"224\" \/>\n\t<meta property=\"og:image:height\" content=\"300\" \/>\n\t<meta property=\"og:image:type\" content=\"image\/png\" \/>\n<meta name=\"twitter:card\" content=\"summary_large_image\" \/>\n<meta name=\"twitter:label1\" content=\"Tiempo de lectura\" \/>\n\t<meta name=\"twitter:data1\" content=\"1 minuto\" \/>\n<script type=\"application\/ld+json\" class=\"yoast-schema-graph\">{\"@context\":\"https:\/\/schema.org\",\"@graph\":[{\"@type\":\"WebPage\",\"@id\":\"https:\/\/www.lacubadebaco.com\/bodega\/tiendadevinos\/vinas-viejas-garnacha-tinto\/\",\"url\":\"https:\/\/www.lacubadebaco.com\/bodega\/tiendadevinos\/vinas-viejas-garnacha-tinto\/\",\"name\":\"Vi\u00f1as Viejas de Paniza Garnacha - Comprar vino | Arag\u00f3n y Navarra | La Cuba de Baco\",\"isPartOf\":{\"@id\":\"https:\/\/www.lacubadebaco.com\/bodega\/#website\"},\"primaryImageOfPage\":{\"@id\":\"https:\/\/www.lacubadebaco.com\/bodega\/tiendadevinos\/vinas-viejas-garnacha-tinto\/#primaryimage\"},\"image\":{\"@id\":\"https:\/\/www.lacubadebaco.com\/bodega\/tiendadevinos\/vinas-viejas-garnacha-tinto\/#primaryimage\"},\"thumbnailUrl\":\"https:\/\/www.lacubadebaco.com\/bodega\/wp-content\/uploads\/2016\/03\/Paniza-Vi\u00f1as-Viejas.png\",\"datePublished\":\"2016-03-09T21:47:27+00:00\",\"dateModified\":\"2024-05-16T10:28:13+00:00\",\"description\":\"Comprar vino de Arag\u00f3n | Comprar vino de Navarra\",\"breadcrumb\":{\"@id\":\"https:\/\/www.lacubadebaco.com\/bodega\/tiendadevinos\/vinas-viejas-garnacha-tinto\/#breadcrumb\"},\"inLanguage\":\"es\",\"potentialAction\":[{\"@type\":\"ReadAction\",\"target\":[\"https:\/\/www.lacubadebaco.com\/bodega\/tiendadevinos\/vinas-viejas-garnacha-tinto\/\"]}]},{\"@type\":\"ImageObject\",\"inLanguage\":\"es\",\"@id\":\"https:\/\/www.lacubadebaco.com\/bodega\/tiendadevinos\/vinas-viejas-garnacha-tinto\/#primaryimage\",\"url\":\"https:\/\/www.lacubadebaco.com\/bodega\/wp-content\/uploads\/2016\/03\/Paniza-Vi\u00f1as-Viejas.png\",\"contentUrl\":\"https:\/\/www.lacubadebaco.com\/bodega\/wp-content\/uploads\/2016\/03\/Paniza-Vi\u00f1as-Viejas.png\",\"width\":224,\"height\":300,\"caption\":\"Vino de Arag\u00f3n | Cari\u00f1ena | Tinto Barrica | La Cuba de Baco\"},{\"@type\":\"BreadcrumbList\",\"@id\":\"https:\/\/www.lacubadebaco.com\/bodega\/tiendadevinos\/vinas-viejas-garnacha-tinto\/#breadcrumb\",\"itemListElement\":[{\"@type\":\"ListItem\",\"position\":1,\"name\":\"Portada\",\"item\":\"https:\/\/www.lacubadebaco.com\/bodega\/home-v8-frontpage-shop\/\"},{\"@type\":\"ListItem\",\"position\":2,\"name\":\"Tienda de vinos\",\"item\":\"https:\/\/www.lacubadebaco.com\/bodega\/tiendadevinos\/\"},{\"@type\":\"ListItem\",\"position\":3,\"name\":\"Vi\u00f1as Viejas de Paniza Garnacha\"}]},{\"@type\":\"WebSite\",\"@id\":\"https:\/\/www.lacubadebaco.com\/bodega\/#website\",\"url\":\"https:\/\/www.lacubadebaco.com\/bodega\/\",\"name\":\"Comprar vino | Arag\u00f3n y Navarra | La Cuba de Baco\",\"description\":\"Comprar vino de Arag\u00f3n | Comprar vino de Navarra | Tienda de vino online de Navarra  y Arag\u00f3n | La Cuba de Baco\",\"publisher\":{\"@id\":\"https:\/\/www.lacubadebaco.com\/bodega\/#organization\"},\"potentialAction\":[{\"@type\":\"SearchAction\",\"target\":{\"@type\":\"EntryPoint\",\"urlTemplate\":\"https:\/\/www.lacubadebaco.com\/bodega\/?s={search_term_string}\"},\"query-input\":{\"@type\":\"PropertyValueSpecification\",\"valueRequired\":true,\"valueName\":\"search_term_string\"}}],\"inLanguage\":\"es\"},{\"@type\":\"Organization\",\"@id\":\"https:\/\/www.lacubadebaco.com\/bodega\/#organization\",\"name\":\"La Cuba de Baco\",\"url\":\"https:\/\/www.lacubadebaco.com\/bodega\/\",\"logo\":{\"@type\":\"ImageObject\",\"inLanguage\":\"es\",\"@id\":\"https:\/\/www.lacubadebaco.com\/bodega\/#\/schema\/logo\/image\/\",\"url\":\"https:\/\/www.lacubadebaco.com\/bodega\/wp-content\/uploads\/2014\/01\/logoslider.png\",\"contentUrl\":\"https:\/\/www.lacubadebaco.com\/bodega\/wp-content\/uploads\/2014\/01\/logoslider.png\",\"width\":440,\"height\":256,\"caption\":\"La Cuba de Baco\"},\"image\":{\"@id\":\"https:\/\/www.lacubadebaco.com\/bodega\/#\/schema\/logo\/image\/\"}}]}<\/script>\n<!-- \/ Yoast SEO plugin. -->","yoast_head_json":{"title":"Vi\u00f1as Viejas de Paniza Garnacha - Comprar vino | Arag\u00f3n y Navarra | La Cuba de Baco","description":"Comprar vino de Arag\u00f3n | Comprar vino de Navarra","robots":{"index":"index","follow":"follow","max-snippet":"max-snippet:-1","max-image-preview":"max-image-preview:large","max-video-preview":"max-video-preview:-1"},"canonical":"https:\/\/www.lacubadebaco.com\/bodega\/tiendadevinos\/vinas-viejas-garnacha-tinto\/","og_locale":"es_ES","og_type":"article","og_title":"Vi\u00f1as Viejas de Paniza Garnacha - Comprar vino | Arag\u00f3n y Navarra | La Cuba de Baco","og_description":"Comprar vino de Arag\u00f3n | Comprar vino de Navarra","og_url":"https:\/\/www.lacubadebaco.com\/bodega\/tiendadevinos\/vinas-viejas-garnacha-tinto\/","og_site_name":"Comprar vino | Arag\u00f3n y Navarra | La Cuba de Baco","article_modified_time":"2024-05-16T10:28:13+00:00","og_image":[{"width":224,"height":300,"url":"https:\/\/www.lacubadebaco.com\/bodega\/wp-content\/uploads\/2016\/03\/Paniza-Vi\u00f1as-Viejas.png","type":"image\/png"}],"twitter_card":"summary_large_image","twitter_misc":{"Tiempo de lectura":"1 minuto"},"schema":{"@context":"https:\/\/schema.org","@graph":[{"@type":"WebPage","@id":"https:\/\/www.lacubadebaco.com\/bodega\/tiendadevinos\/vinas-viejas-garnacha-tinto\/","url":"https:\/\/www.lacubadebaco.com\/bodega\/tiendadevinos\/vinas-viejas-garnacha-tinto\/","name":"Vi\u00f1as Viejas de Paniza Garnacha - Comprar vino | Arag\u00f3n y Navarra | La Cuba de Baco","isPartOf":{"@id":"https:\/\/www.lacubadebaco.com\/bodega\/#website"},"primaryImageOfPage":{"@id":"https:\/\/www.lacubadebaco.com\/bodega\/tiendadevinos\/vinas-viejas-garnacha-tinto\/#primaryimage"},"image":{"@id":"https:\/\/www.lacubadebaco.com\/bodega\/tiendadevinos\/vinas-viejas-garnacha-tinto\/#primaryimage"},"thumbnailUrl":"https:\/\/www.lacubadebaco.com\/bodega\/wp-content\/uploads\/2016\/03\/Paniza-Vi\u00f1as-Viejas.png","datePublished":"2016-03-09T21:47:27+00:00","dateModified":"2024-05-16T10:28:13+00:00","description":"Comprar vino de Arag\u00f3n | Comprar vino de Navarra","breadcrumb":{"@id":"https:\/\/www.lacubadebaco.com\/bodega\/tiendadevinos\/vinas-viejas-garnacha-tinto\/#breadcrumb"},"inLanguage":"es","potentialAction":[{"@type":"ReadAction","target":["https:\/\/www.lacubadebaco.com\/bodega\/tiendadevinos\/vinas-viejas-garnacha-tinto\/"]}]},{"@type":"ImageObject","inLanguage":"es","@id":"https:\/\/www.lacubadebaco.com\/bodega\/tiendadevinos\/vinas-viejas-garnacha-tinto\/#primaryimage","url":"https:\/\/www.lacubadebaco.com\/bodega\/wp-content\/uploads\/2016\/03\/Paniza-Vi\u00f1as-Viejas.png","contentUrl":"https:\/\/www.lacubadebaco.com\/bodega\/wp-content\/uploads\/2016\/03\/Paniza-Vi\u00f1as-Viejas.png","width":224,"height":300,"caption":"Vino de Arag\u00f3n | Cari\u00f1ena | Tinto Barrica | La Cuba de Baco"},{"@type":"BreadcrumbList","@id":"https:\/\/www.lacubadebaco.com\/bodega\/tiendadevinos\/vinas-viejas-garnacha-tinto\/#breadcrumb","itemListElement":[{"@type":"ListItem","position":1,"name":"Portada","item":"https:\/\/www.lacubadebaco.com\/bodega\/home-v8-frontpage-shop\/"},{"@type":"ListItem","position":2,"name":"Tienda de vinos","item":"https:\/\/www.lacubadebaco.com\/bodega\/tiendadevinos\/"},{"@type":"ListItem","position":3,"name":"Vi\u00f1as Viejas de Paniza Garnacha"}]},{"@type":"WebSite","@id":"https:\/\/www.lacubadebaco.com\/bodega\/#website","url":"https:\/\/www.lacubadebaco.com\/bodega\/","name":"Comprar vino | Arag\u00f3n y Navarra | La Cuba de Baco","description":"Comprar vino de Arag\u00f3n | Comprar vino de Navarra | Tienda de vino online de Navarra  y Arag\u00f3n | La Cuba de Baco","publisher":{"@id":"https:\/\/www.lacubadebaco.com\/bodega\/#organization"},"potentialAction":[{"@type":"SearchAction","target":{"@type":"EntryPoint","urlTemplate":"https:\/\/www.lacubadebaco.com\/bodega\/?s={search_term_string}"},"query-input":{"@type":"PropertyValueSpecification","valueRequired":true,"valueName":"search_term_string"}}],"inLanguage":"es"},{"@type":"Organization","@id":"https:\/\/www.lacubadebaco.com\/bodega\/#organization","name":"La Cuba de Baco","url":"https:\/\/www.lacubadebaco.com\/bodega\/","logo":{"@type":"ImageObject","inLanguage":"es","@id":"https:\/\/www.lacubadebaco.com\/bodega\/#\/schema\/logo\/image\/","url":"https:\/\/www.lacubadebaco.com\/bodega\/wp-content\/uploads\/2014\/01\/logoslider.png","contentUrl":"https:\/\/www.lacubadebaco.com\/bodega\/wp-content\/uploads\/2014\/01\/logoslider.png","width":440,"height":256,"caption":"La Cuba de Baco"},"image":{"@id":"https:\/\/www.lacubadebaco.com\/bodega\/#\/schema\/logo\/image\/"}}]}},"_links":{"self":[{"href":"https:\/\/www.lacubadebaco.com\/bodega\/wp-json\/wp\/v2\/product\/3869","targetHints":{"allow":["GET"]}}],"collection":[{"href":"https:\/\/www.lacubadebaco.com\/bodega\/wp-json\/wp\/v2\/product"}],"about":[{"href":"https:\/\/www.lacubadebaco.com\/bodega\/wp-json\/wp\/v2\/types\/product"}],"wp:featuredmedia":[{"embeddable":true,"href":"https:\/\/www.lacubadebaco.com\/bodega\/wp-json\/wp\/v2\/media\/3876"}],"wp:attachment":[{"href":"https:\/\/www.lacubadebaco.com\/bodega\/wp-json\/wp\/v2\/media?parent=3869"}],"wp:term":[{"taxonomy":"product_brand","embeddable":true,"href":"https:\/\/www.lacubadebaco.com\/bodega\/wp-json\/wp\/v2\/product_brand?post=3869"},{"taxonomy":"product_cat","embeddable":true,"href":"https:\/\/www.lacubadebaco.com\/bodega\/wp-json\/wp\/v2\/product_cat?post=3869"},{"taxonomy":"product_tag","embeddable":true,"href":"https:\/\/www.lacubadebaco.com\/bodega\/wp-json\/wp\/v2\/product_tag?post=3869"}],"curies":[{"name":"wp","href":"https:\/\/api.w.org\/{rel}","templated":true}]}}