{"id":3907,"date":"2016-05-08T21:47:58","date_gmt":"2016-05-08T19:47:58","guid":{"rendered":"http:\/\/www.lacubadebaco.com\/bodega\/?post_type=product&#038;p=3907"},"modified":"2026-02-20T19:21:04","modified_gmt":"2026-02-20T18:21:04","slug":"guerinda-la-blanca","status":"publish","type":"product","link":"https:\/\/www.lacubadebaco.com\/bodega\/tiendadevinos\/guerinda-la-blanca\/","title":{"rendered":"Guerinda La Blanca"},"content":{"rendered":"<p><b>Variedades de uva:<\/b>\u00a0100 % Chardonnay.<\/p>\n<p><b>Vi\u00f1edos:\u00a0<\/b>Parcela \u201cEl Pino\u201d, cepas de 12 a\u00f1os.<b><\/b><\/p>\n<p><b>Regi\u00f3n:\u00a0<\/b>D. O. Navarra.<\/p>\n<p><b>Cata: <\/b>Uvas recogidas a mano en cajas de 15 kg. y seleccionadas en su recepci\u00f3n en bodega. Suave despalillado y maceraci\u00f3n prefermentativa en fr\u00edo. Extracci\u00f3n del mosto \u201cyema\u201d por gravedad (sin prensar) y fermentaci\u00f3n a temperatura baja y en ausencia de hollejos.<\/p>\n<p>Color amarillo lim\u00f3n muy brillante. Aroma fresco y con frutas tropicales (pi\u00f1a, mel\u00f3n, pl\u00e1tano, melocot\u00f3n\u2026), notas de manzana verde, base floral y toque mineral. En su entrada en boca se presenta fresco y \u00e1cido, pero en su paso se vuelve cremoso y suave. Es redondo y estructurado, manteniendo la sensaci\u00f3n de acidez hasta el final y con un postgusto muy largo.<\/p>\n<p><b>Gu\u00eda Pe\u00f1\u00edn 2020: <\/b>90 puntos y 5* excelente relaci\u00f3n calidad \u2013 precio.<\/p>\n<p><b>Premios:\u00a0<\/b>Premio al mejor blanco sin madera de Navarra otorgado por la Denominaci\u00f3n de Origen de Navarra 2016<b>.<\/b><\/p>\n","protected":false},"excerpt":{"rendered":"<p>Variedades de uva:\u00a0100 % Chardonnay. Vi\u00f1edos:\u00a0Parcela \u201cEl Pino\u201d, cepas de 12 a\u00f1os. Regi\u00f3n:\u00a0D. O. Navarra. Cata: Uvas recogidas a mano en cajas de 15 kg. y seleccionadas en su recepci\u00f3n en bodega. Suave despalillado y maceraci\u00f3n prefermentativa en fr\u00edo. Extracci\u00f3n del mosto \u201cyema\u201d por gravedad (sin prensar) y fermentaci\u00f3n a temperatura baja y en ausencia [&hellip;]<\/p>\n","protected":false},"featured_media":4624,"template":"","meta":{"_exactmetrics_skip_tracking":false,"_exactmetrics_sitenote_active":false,"_exactmetrics_sitenote_note":"","_exactmetrics_sitenote_category":0},"product_brand":[],"product_cat":[83,37,72],"product_tag":[54],"class_list":{"0":"post-3907","1":"product","2":"type-product","3":"status-publish","4":"has-post-thumbnail","6":"product_cat-nuestras-sugerencias-de-blancos","7":"product_cat-tienda-de-vinos","8":"product_cat-vinos-de-navarra","9":"product_tag-blanco","11":"first","12":"instock","13":"taxable","14":"shipping-taxable","15":"purchasable","16":"product-type-simple"},"yoast_head":"<!-- This site is optimized with the Yoast SEO plugin v27.0 - https:\/\/yoast.com\/product\/yoast-seo-wordpress\/ -->\n<title>Guerinda La Blanca - Comprar vino | Arag\u00f3n y Navarra | La Cuba de Baco<\/title>\n<meta name=\"description\" content=\"Comprar vino de Arag\u00f3n | Comprar vino de Navarra\" \/>\n<meta name=\"robots\" content=\"index, follow, max-snippet:-1, max-image-preview:large, max-video-preview:-1\" \/>\n<link rel=\"canonical\" href=\"https:\/\/www.lacubadebaco.com\/bodega\/tiendadevinos\/guerinda-la-blanca\/\" \/>\n<meta property=\"og:locale\" content=\"es_ES\" \/>\n<meta property=\"og:type\" content=\"article\" \/>\n<meta property=\"og:title\" content=\"Guerinda La Blanca - Comprar vino | Arag\u00f3n y Navarra | La Cuba de Baco\" \/>\n<meta property=\"og:description\" content=\"Comprar vino de Arag\u00f3n | Comprar vino de Navarra\" \/>\n<meta property=\"og:url\" content=\"https:\/\/www.lacubadebaco.com\/bodega\/tiendadevinos\/guerinda-la-blanca\/\" \/>\n<meta property=\"og:site_name\" content=\"Comprar vino | Arag\u00f3n y Navarra | La Cuba de Baco\" \/>\n<meta property=\"article:modified_time\" content=\"2026-02-20T18:21:04+00:00\" \/>\n<meta property=\"og:image\" content=\"https:\/\/www.lacubadebaco.com\/bodega\/wp-content\/uploads\/2019\/03\/Blanco-La-Blanca.png\" \/>\n\t<meta property=\"og:image:width\" content=\"224\" \/>\n\t<meta property=\"og:image:height\" content=\"300\" \/>\n\t<meta property=\"og:image:type\" content=\"image\/png\" \/>\n<meta name=\"twitter:card\" content=\"summary_large_image\" \/>\n<meta name=\"twitter:label1\" content=\"Tiempo de lectura\" \/>\n\t<meta name=\"twitter:data1\" content=\"1 minuto\" \/>\n<script type=\"application\/ld+json\" class=\"yoast-schema-graph\">{\"@context\":\"https:\/\/schema.org\",\"@graph\":[{\"@type\":\"WebPage\",\"@id\":\"https:\/\/www.lacubadebaco.com\/bodega\/tiendadevinos\/guerinda-la-blanca\/\",\"url\":\"https:\/\/www.lacubadebaco.com\/bodega\/tiendadevinos\/guerinda-la-blanca\/\",\"name\":\"Guerinda La Blanca - Comprar vino | Arag\u00f3n y Navarra | La Cuba de Baco\",\"isPartOf\":{\"@id\":\"https:\/\/www.lacubadebaco.com\/bodega\/#website\"},\"primaryImageOfPage\":{\"@id\":\"https:\/\/www.lacubadebaco.com\/bodega\/tiendadevinos\/guerinda-la-blanca\/#primaryimage\"},\"image\":{\"@id\":\"https:\/\/www.lacubadebaco.com\/bodega\/tiendadevinos\/guerinda-la-blanca\/#primaryimage\"},\"thumbnailUrl\":\"https:\/\/www.lacubadebaco.com\/bodega\/wp-content\/uploads\/2019\/03\/Blanco-La-Blanca.png\",\"datePublished\":\"2016-05-08T19:47:58+00:00\",\"dateModified\":\"2026-02-20T18:21:04+00:00\",\"description\":\"Comprar vino de Arag\u00f3n | Comprar vino de Navarra\",\"breadcrumb\":{\"@id\":\"https:\/\/www.lacubadebaco.com\/bodega\/tiendadevinos\/guerinda-la-blanca\/#breadcrumb\"},\"inLanguage\":\"es\",\"potentialAction\":[{\"@type\":\"ReadAction\",\"target\":[\"https:\/\/www.lacubadebaco.com\/bodega\/tiendadevinos\/guerinda-la-blanca\/\"]}]},{\"@type\":\"ImageObject\",\"inLanguage\":\"es\",\"@id\":\"https:\/\/www.lacubadebaco.com\/bodega\/tiendadevinos\/guerinda-la-blanca\/#primaryimage\",\"url\":\"https:\/\/www.lacubadebaco.com\/bodega\/wp-content\/uploads\/2019\/03\/Blanco-La-Blanca.png\",\"contentUrl\":\"https:\/\/www.lacubadebaco.com\/bodega\/wp-content\/uploads\/2019\/03\/Blanco-La-Blanca.png\",\"width\":224,\"height\":300,\"caption\":\"Vino de Navarra | Blanco | La Cuba de Baco\"},{\"@type\":\"BreadcrumbList\",\"@id\":\"https:\/\/www.lacubadebaco.com\/bodega\/tiendadevinos\/guerinda-la-blanca\/#breadcrumb\",\"itemListElement\":[{\"@type\":\"ListItem\",\"position\":1,\"name\":\"Portada\",\"item\":\"https:\/\/www.lacubadebaco.com\/bodega\/home-v8-frontpage-shop\/\"},{\"@type\":\"ListItem\",\"position\":2,\"name\":\"Tienda de vinos\",\"item\":\"https:\/\/www.lacubadebaco.com\/bodega\/tiendadevinos\/\"},{\"@type\":\"ListItem\",\"position\":3,\"name\":\"Guerinda La Blanca\"}]},{\"@type\":\"WebSite\",\"@id\":\"https:\/\/www.lacubadebaco.com\/bodega\/#website\",\"url\":\"https:\/\/www.lacubadebaco.com\/bodega\/\",\"name\":\"Comprar vino | Arag\u00f3n y Navarra | La Cuba de Baco\",\"description\":\"Comprar vino de Arag\u00f3n | Comprar vino de Navarra | Tienda de vino online de Navarra  y Arag\u00f3n | La Cuba de Baco\",\"publisher\":{\"@id\":\"https:\/\/www.lacubadebaco.com\/bodega\/#organization\"},\"potentialAction\":[{\"@type\":\"SearchAction\",\"target\":{\"@type\":\"EntryPoint\",\"urlTemplate\":\"https:\/\/www.lacubadebaco.com\/bodega\/?s={search_term_string}\"},\"query-input\":{\"@type\":\"PropertyValueSpecification\",\"valueRequired\":true,\"valueName\":\"search_term_string\"}}],\"inLanguage\":\"es\"},{\"@type\":\"Organization\",\"@id\":\"https:\/\/www.lacubadebaco.com\/bodega\/#organization\",\"name\":\"La Cuba de Baco\",\"url\":\"https:\/\/www.lacubadebaco.com\/bodega\/\",\"logo\":{\"@type\":\"ImageObject\",\"inLanguage\":\"es\",\"@id\":\"https:\/\/www.lacubadebaco.com\/bodega\/#\/schema\/logo\/image\/\",\"url\":\"https:\/\/www.lacubadebaco.com\/bodega\/wp-content\/uploads\/2014\/01\/logoslider.png\",\"contentUrl\":\"https:\/\/www.lacubadebaco.com\/bodega\/wp-content\/uploads\/2014\/01\/logoslider.png\",\"width\":440,\"height\":256,\"caption\":\"La Cuba de Baco\"},\"image\":{\"@id\":\"https:\/\/www.lacubadebaco.com\/bodega\/#\/schema\/logo\/image\/\"}}]}<\/script>\n<!-- \/ Yoast SEO plugin. -->","yoast_head_json":{"title":"Guerinda La Blanca - Comprar vino | Arag\u00f3n y Navarra | La Cuba de Baco","description":"Comprar vino de Arag\u00f3n | Comprar vino de Navarra","robots":{"index":"index","follow":"follow","max-snippet":"max-snippet:-1","max-image-preview":"max-image-preview:large","max-video-preview":"max-video-preview:-1"},"canonical":"https:\/\/www.lacubadebaco.com\/bodega\/tiendadevinos\/guerinda-la-blanca\/","og_locale":"es_ES","og_type":"article","og_title":"Guerinda La Blanca - Comprar vino | Arag\u00f3n y Navarra | La Cuba de Baco","og_description":"Comprar vino de Arag\u00f3n | Comprar vino de Navarra","og_url":"https:\/\/www.lacubadebaco.com\/bodega\/tiendadevinos\/guerinda-la-blanca\/","og_site_name":"Comprar vino | Arag\u00f3n y Navarra | La Cuba de Baco","article_modified_time":"2026-02-20T18:21:04+00:00","og_image":[{"width":224,"height":300,"url":"https:\/\/www.lacubadebaco.com\/bodega\/wp-content\/uploads\/2019\/03\/Blanco-La-Blanca.png","type":"image\/png"}],"twitter_card":"summary_large_image","twitter_misc":{"Tiempo de lectura":"1 minuto"},"schema":{"@context":"https:\/\/schema.org","@graph":[{"@type":"WebPage","@id":"https:\/\/www.lacubadebaco.com\/bodega\/tiendadevinos\/guerinda-la-blanca\/","url":"https:\/\/www.lacubadebaco.com\/bodega\/tiendadevinos\/guerinda-la-blanca\/","name":"Guerinda La Blanca - Comprar vino | Arag\u00f3n y Navarra | La Cuba de Baco","isPartOf":{"@id":"https:\/\/www.lacubadebaco.com\/bodega\/#website"},"primaryImageOfPage":{"@id":"https:\/\/www.lacubadebaco.com\/bodega\/tiendadevinos\/guerinda-la-blanca\/#primaryimage"},"image":{"@id":"https:\/\/www.lacubadebaco.com\/bodega\/tiendadevinos\/guerinda-la-blanca\/#primaryimage"},"thumbnailUrl":"https:\/\/www.lacubadebaco.com\/bodega\/wp-content\/uploads\/2019\/03\/Blanco-La-Blanca.png","datePublished":"2016-05-08T19:47:58+00:00","dateModified":"2026-02-20T18:21:04+00:00","description":"Comprar vino de Arag\u00f3n | Comprar vino de Navarra","breadcrumb":{"@id":"https:\/\/www.lacubadebaco.com\/bodega\/tiendadevinos\/guerinda-la-blanca\/#breadcrumb"},"inLanguage":"es","potentialAction":[{"@type":"ReadAction","target":["https:\/\/www.lacubadebaco.com\/bodega\/tiendadevinos\/guerinda-la-blanca\/"]}]},{"@type":"ImageObject","inLanguage":"es","@id":"https:\/\/www.lacubadebaco.com\/bodega\/tiendadevinos\/guerinda-la-blanca\/#primaryimage","url":"https:\/\/www.lacubadebaco.com\/bodega\/wp-content\/uploads\/2019\/03\/Blanco-La-Blanca.png","contentUrl":"https:\/\/www.lacubadebaco.com\/bodega\/wp-content\/uploads\/2019\/03\/Blanco-La-Blanca.png","width":224,"height":300,"caption":"Vino de Navarra | Blanco | La Cuba de Baco"},{"@type":"BreadcrumbList","@id":"https:\/\/www.lacubadebaco.com\/bodega\/tiendadevinos\/guerinda-la-blanca\/#breadcrumb","itemListElement":[{"@type":"ListItem","position":1,"name":"Portada","item":"https:\/\/www.lacubadebaco.com\/bodega\/home-v8-frontpage-shop\/"},{"@type":"ListItem","position":2,"name":"Tienda de vinos","item":"https:\/\/www.lacubadebaco.com\/bodega\/tiendadevinos\/"},{"@type":"ListItem","position":3,"name":"Guerinda La Blanca"}]},{"@type":"WebSite","@id":"https:\/\/www.lacubadebaco.com\/bodega\/#website","url":"https:\/\/www.lacubadebaco.com\/bodega\/","name":"Comprar vino | Arag\u00f3n y Navarra | La Cuba de Baco","description":"Comprar vino de Arag\u00f3n | Comprar vino de Navarra | Tienda de vino online de Navarra  y Arag\u00f3n | La Cuba de Baco","publisher":{"@id":"https:\/\/www.lacubadebaco.com\/bodega\/#organization"},"potentialAction":[{"@type":"SearchAction","target":{"@type":"EntryPoint","urlTemplate":"https:\/\/www.lacubadebaco.com\/bodega\/?s={search_term_string}"},"query-input":{"@type":"PropertyValueSpecification","valueRequired":true,"valueName":"search_term_string"}}],"inLanguage":"es"},{"@type":"Organization","@id":"https:\/\/www.lacubadebaco.com\/bodega\/#organization","name":"La Cuba de Baco","url":"https:\/\/www.lacubadebaco.com\/bodega\/","logo":{"@type":"ImageObject","inLanguage":"es","@id":"https:\/\/www.lacubadebaco.com\/bodega\/#\/schema\/logo\/image\/","url":"https:\/\/www.lacubadebaco.com\/bodega\/wp-content\/uploads\/2014\/01\/logoslider.png","contentUrl":"https:\/\/www.lacubadebaco.com\/bodega\/wp-content\/uploads\/2014\/01\/logoslider.png","width":440,"height":256,"caption":"La Cuba de Baco"},"image":{"@id":"https:\/\/www.lacubadebaco.com\/bodega\/#\/schema\/logo\/image\/"}}]}},"_links":{"self":[{"href":"https:\/\/www.lacubadebaco.com\/bodega\/wp-json\/wp\/v2\/product\/3907","targetHints":{"allow":["GET"]}}],"collection":[{"href":"https:\/\/www.lacubadebaco.com\/bodega\/wp-json\/wp\/v2\/product"}],"about":[{"href":"https:\/\/www.lacubadebaco.com\/bodega\/wp-json\/wp\/v2\/types\/product"}],"wp:featuredmedia":[{"embeddable":true,"href":"https:\/\/www.lacubadebaco.com\/bodega\/wp-json\/wp\/v2\/media\/4624"}],"wp:attachment":[{"href":"https:\/\/www.lacubadebaco.com\/bodega\/wp-json\/wp\/v2\/media?parent=3907"}],"wp:term":[{"taxonomy":"product_brand","embeddable":true,"href":"https:\/\/www.lacubadebaco.com\/bodega\/wp-json\/wp\/v2\/product_brand?post=3907"},{"taxonomy":"product_cat","embeddable":true,"href":"https:\/\/www.lacubadebaco.com\/bodega\/wp-json\/wp\/v2\/product_cat?post=3907"},{"taxonomy":"product_tag","embeddable":true,"href":"https:\/\/www.lacubadebaco.com\/bodega\/wp-json\/wp\/v2\/product_tag?post=3907"}],"curies":[{"name":"wp","href":"https:\/\/api.w.org\/{rel}","templated":true}]}}