{"id":6699,"date":"2022-08-30T21:08:13","date_gmt":"2022-08-30T19:08:13","guid":{"rendered":"https:\/\/www.lacubadebaco.com\/bodega\/?post_type=product&#038;p=6699"},"modified":"2025-04-02T00:19:20","modified_gmt":"2025-04-01T22:19:20","slug":"cava-reyes-de-aragon-el-ceremonioso-brut-ecologico","status":"publish","type":"product","link":"https:\/\/www.lacubadebaco.com\/bodega\/tiendadevinos\/cava-reyes-de-aragon-el-ceremonioso-brut-ecologico\/","title":{"rendered":"Cava Reyes de Arag\u00f3n El Ceremonioso Brut Ecol\u00f3gico"},"content":{"rendered":"<p><strong>Variedades de uva:<\/strong>\u00a0100% Chardonnay.<\/p>\n<p><strong>Vi\u00f1edos:\u00a0<\/strong>Pedregosos y arcillosos, entre 30-40 a\u00f1os, entre 700-800 m. de altitud.<\/p>\n<p><strong>Regi\u00f3n:\u00a0<\/strong>D.O. Cava &#8211; Calatayud.<\/p>\n<p><strong>Cata:\u00a0<\/strong>Primera fermentaci\u00f3n realizada en dep\u00f3sitos de acero inoxidable controlada a 16\u00baC, no se realiza fermentaci\u00f3n manol\u00e1ctica para mantener la acidez total. Se realiza la segunda fermentaci\u00f3n alcoh\u00f3lica en la propia botella a temperatura constante de 15\u00baC, con una duraci\u00f3n en botella de 9 meses de rima, tiene az\u00facar a\u00f1adido.<\/p>\n<p>Color amarillo, oro viejo brillante, burbuja fina y homog\u00e9nea que se desprende lentamente formando una corona muy fina, delicada y persistente.<\/p>\n<p>Aromas de flores blancas, con frescas notas de mango. Sutil aroma a mantequilla fresca y corteza de pan tostado.<\/p>\n<p>En boca tiene una entrada fresca y limpia, con fant\u00e1stico equilibrio entre acidez y madurez. Burbujas delicadas y suaves, fruto de la larga crianza en rima que lo dotan de un agradable volumen en boca. Sensaci\u00f3n de frescura y pureza, con una larga persistencia en todo el paladar.<\/p>\n<p>Servir muy fr\u00edo.<\/p>\n<p>Maridaje: Perfecto compa\u00f1ero de platos de pescados grasos, carnes blancas, guisos mediterr\u00e1neos, verduras las horno&#8230;<\/p>\n<p><strong>Gu\u00eda Pe\u00f1\u00edn 2020:\u00a0<\/strong><\/p>\n<p><strong>Premios:\u00a0<\/strong>Oro Wine Award International 2022.<\/p>\n","protected":false},"excerpt":{"rendered":"<p>Variedades de uva:\u00a0100% Chardonnay. Vi\u00f1edos:\u00a0Pedregosos y arcillosos, entre 30-40 a\u00f1os, entre 700-800 m. de altitud. Regi\u00f3n:\u00a0D.O. Cava &#8211; Calatayud. Cata:\u00a0Primera fermentaci\u00f3n realizada en dep\u00f3sitos de acero inoxidable controlada a 16\u00baC, no se realiza fermentaci\u00f3n manol\u00e1ctica para mantener la acidez total. Se realiza la segunda fermentaci\u00f3n alcoh\u00f3lica en la propia botella a temperatura constante de 15\u00baC, [&hellip;]<\/p>\n","protected":false},"featured_media":6718,"template":"","meta":{"_exactmetrics_skip_tracking":false,"_exactmetrics_sitenote_active":false,"_exactmetrics_sitenote_note":"","_exactmetrics_sitenote_category":0},"product_brand":[],"product_cat":[88,37],"product_tag":[57],"class_list":{"0":"post-6699","1":"product","2":"type-product","3":"status-publish","4":"has-post-thumbnail","6":"product_cat-cavas-de-aragon","7":"product_cat-tienda-de-vinos","8":"product_tag-cava","10":"first","11":"instock","12":"taxable","13":"shipping-taxable","14":"purchasable","15":"product-type-simple"},"yoast_head":"<!-- This site is optimized with the Yoast SEO plugin v27.0 - https:\/\/yoast.com\/product\/yoast-seo-wordpress\/ -->\n<title>Cava Reyes de Arag\u00f3n El Ceremonioso Brut Ecol\u00f3gico - Comprar vino | Arag\u00f3n y Navarra | La Cuba de Baco<\/title>\n<meta name=\"description\" content=\"Comprar vino de Arag\u00f3n | Comprar vino de Navarra\" \/>\n<meta name=\"robots\" content=\"index, follow, max-snippet:-1, max-image-preview:large, max-video-preview:-1\" \/>\n<link rel=\"canonical\" href=\"https:\/\/www.lacubadebaco.com\/bodega\/tiendadevinos\/cava-reyes-de-aragon-el-ceremonioso-brut-ecologico\/\" \/>\n<meta property=\"og:locale\" content=\"es_ES\" \/>\n<meta property=\"og:type\" content=\"article\" \/>\n<meta property=\"og:title\" content=\"Cava Reyes de Arag\u00f3n El Ceremonioso Brut Ecol\u00f3gico - Comprar vino | Arag\u00f3n y Navarra | La Cuba de Baco\" \/>\n<meta property=\"og:description\" content=\"Comprar vino de Arag\u00f3n | Comprar vino de Navarra\" \/>\n<meta property=\"og:url\" content=\"https:\/\/www.lacubadebaco.com\/bodega\/tiendadevinos\/cava-reyes-de-aragon-el-ceremonioso-brut-ecologico\/\" \/>\n<meta property=\"og:site_name\" content=\"Comprar vino | Arag\u00f3n y Navarra | La Cuba de Baco\" \/>\n<meta property=\"article:modified_time\" content=\"2025-04-01T22:19:20+00:00\" \/>\n<meta property=\"og:image\" content=\"https:\/\/www.lacubadebaco.com\/bodega\/wp-content\/uploads\/2022\/08\/Cava-El-ceremonioso-1.png\" \/>\n\t<meta property=\"og:image:width\" content=\"224\" \/>\n\t<meta property=\"og:image:height\" content=\"300\" \/>\n\t<meta property=\"og:image:type\" content=\"image\/png\" \/>\n<meta name=\"twitter:card\" content=\"summary_large_image\" \/>\n<meta name=\"twitter:label1\" content=\"Tiempo de lectura\" \/>\n\t<meta name=\"twitter:data1\" content=\"1 minuto\" \/>\n<script type=\"application\/ld+json\" class=\"yoast-schema-graph\">{\"@context\":\"https:\/\/schema.org\",\"@graph\":[{\"@type\":\"WebPage\",\"@id\":\"https:\/\/www.lacubadebaco.com\/bodega\/tiendadevinos\/cava-reyes-de-aragon-el-ceremonioso-brut-ecologico\/\",\"url\":\"https:\/\/www.lacubadebaco.com\/bodega\/tiendadevinos\/cava-reyes-de-aragon-el-ceremonioso-brut-ecologico\/\",\"name\":\"Cava Reyes de Arag\u00f3n El Ceremonioso Brut Ecol\u00f3gico - Comprar vino | Arag\u00f3n y Navarra | La Cuba de Baco\",\"isPartOf\":{\"@id\":\"https:\/\/www.lacubadebaco.com\/bodega\/#website\"},\"primaryImageOfPage\":{\"@id\":\"https:\/\/www.lacubadebaco.com\/bodega\/tiendadevinos\/cava-reyes-de-aragon-el-ceremonioso-brut-ecologico\/#primaryimage\"},\"image\":{\"@id\":\"https:\/\/www.lacubadebaco.com\/bodega\/tiendadevinos\/cava-reyes-de-aragon-el-ceremonioso-brut-ecologico\/#primaryimage\"},\"thumbnailUrl\":\"https:\/\/www.lacubadebaco.com\/bodega\/wp-content\/uploads\/2022\/08\/Cava-El-ceremonioso-1.png\",\"datePublished\":\"2022-08-30T19:08:13+00:00\",\"dateModified\":\"2025-04-01T22:19:20+00:00\",\"description\":\"Comprar vino de Arag\u00f3n | Comprar vino de Navarra\",\"breadcrumb\":{\"@id\":\"https:\/\/www.lacubadebaco.com\/bodega\/tiendadevinos\/cava-reyes-de-aragon-el-ceremonioso-brut-ecologico\/#breadcrumb\"},\"inLanguage\":\"es\",\"potentialAction\":[{\"@type\":\"ReadAction\",\"target\":[\"https:\/\/www.lacubadebaco.com\/bodega\/tiendadevinos\/cava-reyes-de-aragon-el-ceremonioso-brut-ecologico\/\"]}]},{\"@type\":\"ImageObject\",\"inLanguage\":\"es\",\"@id\":\"https:\/\/www.lacubadebaco.com\/bodega\/tiendadevinos\/cava-reyes-de-aragon-el-ceremonioso-brut-ecologico\/#primaryimage\",\"url\":\"https:\/\/www.lacubadebaco.com\/bodega\/wp-content\/uploads\/2022\/08\/Cava-El-ceremonioso-1.png\",\"contentUrl\":\"https:\/\/www.lacubadebaco.com\/bodega\/wp-content\/uploads\/2022\/08\/Cava-El-ceremonioso-1.png\",\"width\":224,\"height\":300,\"caption\":\"Cava de Arag\u00f3n | Brut Ecol\u00f3gico| La Cuba de Baco\"},{\"@type\":\"BreadcrumbList\",\"@id\":\"https:\/\/www.lacubadebaco.com\/bodega\/tiendadevinos\/cava-reyes-de-aragon-el-ceremonioso-brut-ecologico\/#breadcrumb\",\"itemListElement\":[{\"@type\":\"ListItem\",\"position\":1,\"name\":\"Portada\",\"item\":\"https:\/\/www.lacubadebaco.com\/bodega\/home-v8-frontpage-shop\/\"},{\"@type\":\"ListItem\",\"position\":2,\"name\":\"Tienda de vinos\",\"item\":\"https:\/\/www.lacubadebaco.com\/bodega\/tiendadevinos\/\"},{\"@type\":\"ListItem\",\"position\":3,\"name\":\"Cava Reyes de Arag\u00f3n El Ceremonioso Brut Ecol\u00f3gico\"}]},{\"@type\":\"WebSite\",\"@id\":\"https:\/\/www.lacubadebaco.com\/bodega\/#website\",\"url\":\"https:\/\/www.lacubadebaco.com\/bodega\/\",\"name\":\"Comprar vino | Arag\u00f3n y Navarra | La Cuba de Baco\",\"description\":\"Comprar vino de Arag\u00f3n | Comprar vino de Navarra | Tienda de vino online de Navarra  y Arag\u00f3n | La Cuba de Baco\",\"publisher\":{\"@id\":\"https:\/\/www.lacubadebaco.com\/bodega\/#organization\"},\"potentialAction\":[{\"@type\":\"SearchAction\",\"target\":{\"@type\":\"EntryPoint\",\"urlTemplate\":\"https:\/\/www.lacubadebaco.com\/bodega\/?s={search_term_string}\"},\"query-input\":{\"@type\":\"PropertyValueSpecification\",\"valueRequired\":true,\"valueName\":\"search_term_string\"}}],\"inLanguage\":\"es\"},{\"@type\":\"Organization\",\"@id\":\"https:\/\/www.lacubadebaco.com\/bodega\/#organization\",\"name\":\"La Cuba de Baco\",\"url\":\"https:\/\/www.lacubadebaco.com\/bodega\/\",\"logo\":{\"@type\":\"ImageObject\",\"inLanguage\":\"es\",\"@id\":\"https:\/\/www.lacubadebaco.com\/bodega\/#\/schema\/logo\/image\/\",\"url\":\"https:\/\/www.lacubadebaco.com\/bodega\/wp-content\/uploads\/2014\/01\/logoslider.png\",\"contentUrl\":\"https:\/\/www.lacubadebaco.com\/bodega\/wp-content\/uploads\/2014\/01\/logoslider.png\",\"width\":440,\"height\":256,\"caption\":\"La Cuba de Baco\"},\"image\":{\"@id\":\"https:\/\/www.lacubadebaco.com\/bodega\/#\/schema\/logo\/image\/\"}}]}<\/script>\n<!-- \/ Yoast SEO plugin. -->","yoast_head_json":{"title":"Cava Reyes de Arag\u00f3n El Ceremonioso Brut Ecol\u00f3gico - Comprar vino | Arag\u00f3n y Navarra | La Cuba de Baco","description":"Comprar vino de Arag\u00f3n | Comprar vino de Navarra","robots":{"index":"index","follow":"follow","max-snippet":"max-snippet:-1","max-image-preview":"max-image-preview:large","max-video-preview":"max-video-preview:-1"},"canonical":"https:\/\/www.lacubadebaco.com\/bodega\/tiendadevinos\/cava-reyes-de-aragon-el-ceremonioso-brut-ecologico\/","og_locale":"es_ES","og_type":"article","og_title":"Cava Reyes de Arag\u00f3n El Ceremonioso Brut Ecol\u00f3gico - Comprar vino | Arag\u00f3n y Navarra | La Cuba de Baco","og_description":"Comprar vino de Arag\u00f3n | Comprar vino de Navarra","og_url":"https:\/\/www.lacubadebaco.com\/bodega\/tiendadevinos\/cava-reyes-de-aragon-el-ceremonioso-brut-ecologico\/","og_site_name":"Comprar vino | Arag\u00f3n y Navarra | La Cuba de Baco","article_modified_time":"2025-04-01T22:19:20+00:00","og_image":[{"width":224,"height":300,"url":"https:\/\/www.lacubadebaco.com\/bodega\/wp-content\/uploads\/2022\/08\/Cava-El-ceremonioso-1.png","type":"image\/png"}],"twitter_card":"summary_large_image","twitter_misc":{"Tiempo de lectura":"1 minuto"},"schema":{"@context":"https:\/\/schema.org","@graph":[{"@type":"WebPage","@id":"https:\/\/www.lacubadebaco.com\/bodega\/tiendadevinos\/cava-reyes-de-aragon-el-ceremonioso-brut-ecologico\/","url":"https:\/\/www.lacubadebaco.com\/bodega\/tiendadevinos\/cava-reyes-de-aragon-el-ceremonioso-brut-ecologico\/","name":"Cava Reyes de Arag\u00f3n El Ceremonioso Brut Ecol\u00f3gico - Comprar vino | Arag\u00f3n y Navarra | La Cuba de Baco","isPartOf":{"@id":"https:\/\/www.lacubadebaco.com\/bodega\/#website"},"primaryImageOfPage":{"@id":"https:\/\/www.lacubadebaco.com\/bodega\/tiendadevinos\/cava-reyes-de-aragon-el-ceremonioso-brut-ecologico\/#primaryimage"},"image":{"@id":"https:\/\/www.lacubadebaco.com\/bodega\/tiendadevinos\/cava-reyes-de-aragon-el-ceremonioso-brut-ecologico\/#primaryimage"},"thumbnailUrl":"https:\/\/www.lacubadebaco.com\/bodega\/wp-content\/uploads\/2022\/08\/Cava-El-ceremonioso-1.png","datePublished":"2022-08-30T19:08:13+00:00","dateModified":"2025-04-01T22:19:20+00:00","description":"Comprar vino de Arag\u00f3n | Comprar vino de Navarra","breadcrumb":{"@id":"https:\/\/www.lacubadebaco.com\/bodega\/tiendadevinos\/cava-reyes-de-aragon-el-ceremonioso-brut-ecologico\/#breadcrumb"},"inLanguage":"es","potentialAction":[{"@type":"ReadAction","target":["https:\/\/www.lacubadebaco.com\/bodega\/tiendadevinos\/cava-reyes-de-aragon-el-ceremonioso-brut-ecologico\/"]}]},{"@type":"ImageObject","inLanguage":"es","@id":"https:\/\/www.lacubadebaco.com\/bodega\/tiendadevinos\/cava-reyes-de-aragon-el-ceremonioso-brut-ecologico\/#primaryimage","url":"https:\/\/www.lacubadebaco.com\/bodega\/wp-content\/uploads\/2022\/08\/Cava-El-ceremonioso-1.png","contentUrl":"https:\/\/www.lacubadebaco.com\/bodega\/wp-content\/uploads\/2022\/08\/Cava-El-ceremonioso-1.png","width":224,"height":300,"caption":"Cava de Arag\u00f3n | Brut Ecol\u00f3gico| La Cuba de Baco"},{"@type":"BreadcrumbList","@id":"https:\/\/www.lacubadebaco.com\/bodega\/tiendadevinos\/cava-reyes-de-aragon-el-ceremonioso-brut-ecologico\/#breadcrumb","itemListElement":[{"@type":"ListItem","position":1,"name":"Portada","item":"https:\/\/www.lacubadebaco.com\/bodega\/home-v8-frontpage-shop\/"},{"@type":"ListItem","position":2,"name":"Tienda de vinos","item":"https:\/\/www.lacubadebaco.com\/bodega\/tiendadevinos\/"},{"@type":"ListItem","position":3,"name":"Cava Reyes de Arag\u00f3n El Ceremonioso Brut Ecol\u00f3gico"}]},{"@type":"WebSite","@id":"https:\/\/www.lacubadebaco.com\/bodega\/#website","url":"https:\/\/www.lacubadebaco.com\/bodega\/","name":"Comprar vino | Arag\u00f3n y Navarra | La Cuba de Baco","description":"Comprar vino de Arag\u00f3n | Comprar vino de Navarra | Tienda de vino online de Navarra  y Arag\u00f3n | La Cuba de Baco","publisher":{"@id":"https:\/\/www.lacubadebaco.com\/bodega\/#organization"},"potentialAction":[{"@type":"SearchAction","target":{"@type":"EntryPoint","urlTemplate":"https:\/\/www.lacubadebaco.com\/bodega\/?s={search_term_string}"},"query-input":{"@type":"PropertyValueSpecification","valueRequired":true,"valueName":"search_term_string"}}],"inLanguage":"es"},{"@type":"Organization","@id":"https:\/\/www.lacubadebaco.com\/bodega\/#organization","name":"La Cuba de Baco","url":"https:\/\/www.lacubadebaco.com\/bodega\/","logo":{"@type":"ImageObject","inLanguage":"es","@id":"https:\/\/www.lacubadebaco.com\/bodega\/#\/schema\/logo\/image\/","url":"https:\/\/www.lacubadebaco.com\/bodega\/wp-content\/uploads\/2014\/01\/logoslider.png","contentUrl":"https:\/\/www.lacubadebaco.com\/bodega\/wp-content\/uploads\/2014\/01\/logoslider.png","width":440,"height":256,"caption":"La Cuba de Baco"},"image":{"@id":"https:\/\/www.lacubadebaco.com\/bodega\/#\/schema\/logo\/image\/"}}]}},"_links":{"self":[{"href":"https:\/\/www.lacubadebaco.com\/bodega\/wp-json\/wp\/v2\/product\/6699","targetHints":{"allow":["GET"]}}],"collection":[{"href":"https:\/\/www.lacubadebaco.com\/bodega\/wp-json\/wp\/v2\/product"}],"about":[{"href":"https:\/\/www.lacubadebaco.com\/bodega\/wp-json\/wp\/v2\/types\/product"}],"wp:featuredmedia":[{"embeddable":true,"href":"https:\/\/www.lacubadebaco.com\/bodega\/wp-json\/wp\/v2\/media\/6718"}],"wp:attachment":[{"href":"https:\/\/www.lacubadebaco.com\/bodega\/wp-json\/wp\/v2\/media?parent=6699"}],"wp:term":[{"taxonomy":"product_brand","embeddable":true,"href":"https:\/\/www.lacubadebaco.com\/bodega\/wp-json\/wp\/v2\/product_brand?post=6699"},{"taxonomy":"product_cat","embeddable":true,"href":"https:\/\/www.lacubadebaco.com\/bodega\/wp-json\/wp\/v2\/product_cat?post=6699"},{"taxonomy":"product_tag","embeddable":true,"href":"https:\/\/www.lacubadebaco.com\/bodega\/wp-json\/wp\/v2\/product_tag?post=6699"}],"curies":[{"name":"wp","href":"https:\/\/api.w.org\/{rel}","templated":true}]}}