{"id":6713,"date":"2022-08-30T23:17:56","date_gmt":"2022-08-30T21:17:56","guid":{"rendered":"https:\/\/www.lacubadebaco.com\/bodega\/?post_type=product&#038;p=6713"},"modified":"2025-04-02T00:19:05","modified_gmt":"2025-04-01T22:19:05","slug":"ayles-cuesta-del-herrero","status":"publish","type":"product","link":"https:\/\/www.lacubadebaco.com\/bodega\/tiendadevinos\/ayles-cuesta-del-herrero\/","title":{"rendered":"Ayl\u00e9s Cuesta del Herrero"},"content":{"rendered":"<p><strong>Variedades de uva:<\/strong>\u00a0Garnacha, Tempranillo, Merlot y Cabernet Sauvignon.<\/p>\n<p><strong>Vi\u00f1edos:\u00a0<\/strong>Vendimia nocturna, vi\u00f1edos calc\u00e1reos.<\/p>\n<p><strong>Regi\u00f3n: <\/strong>Vino de Pago &#8211; Pago de Ayles &#8211; Zona Cari\u00f1ena.<\/p>\n<p><strong>Cata:\u00a0<\/strong>La vendimia de esta variedad se realiza al anochecer para aprovechar las bajas temperaturas de la noche. De esta forma se consigue que la uva entre en bodega lo m\u00e1s fr\u00eda posible y permite iniciar cuanto antes su maceraci\u00f3n en fr\u00edo para conseguir una mayor extracci\u00f3n de los aromas que se esconden en los hollejos.<\/p>\n<p>Su elaboraci\u00f3n destaca por la fermentaci\u00f3n por un lado del Merlot y del Tempranillo y, por otro lado, de la Garnacha y el Cabernet Sauvignon. Su fermentaci\u00f3n alcoh\u00f3lica se produce a temperatura controlada y con levadura aut\u00f3ctonas. En cuanto a su fermentaci\u00f3n malol\u00e1ctica se produce en barrica de roble franc\u00e9s durante 6 meses.<\/p>\n<p>Su color es cereza picota.<\/p>\n<p>En nariz tiene una esencia muy bien definida y muy rica en aromas que van desde la fruta fresca pasando por las especias para acabar en un toque floral.<\/p>\n<p>En boca destaca por su elegancia y la intensidad de la fruta, muy equilibrado con un toque glicerico que lo hacen interesante y arm\u00f3nico.<\/p>\n<p>Combina perfectamente con cualquier tipo de aperitivo, pasta, arooces, embutidos y carnes a la brasa.<\/p>\n<p><strong>Gu\u00eda Pe\u00f1\u00edn 2020:\u00a0<\/strong><\/p>\n<p><strong>Premios:\u00a0<\/strong><\/p>\n","protected":false},"excerpt":{"rendered":"<p>Variedades de uva:\u00a0Garnacha, Tempranillo, Merlot y Cabernet Sauvignon. Vi\u00f1edos:\u00a0Vendimia nocturna, vi\u00f1edos calc\u00e1reos. Regi\u00f3n: Vino de Pago &#8211; Pago de Ayles &#8211; Zona Cari\u00f1ena. Cata:\u00a0La vendimia de esta variedad se realiza al anochecer para aprovechar las bajas temperaturas de la noche. De esta forma se consigue que la uva entre en bodega lo m\u00e1s fr\u00eda posible [&hellip;]<\/p>\n","protected":false},"featured_media":6728,"template":"","meta":{"_exactmetrics_skip_tracking":false,"_exactmetrics_sitenote_active":false,"_exactmetrics_sitenote_note":"","_exactmetrics_sitenote_category":0},"product_brand":[],"product_cat":[37,73],"product_tag":[60],"class_list":{"0":"post-6713","1":"product","2":"type-product","3":"status-publish","4":"has-post-thumbnail","6":"product_cat-tienda-de-vinos","7":"product_cat-vinos-de-aragon","8":"product_tag-tinto-barrica","10":"first","11":"instock","12":"taxable","13":"shipping-taxable","14":"purchasable","15":"product-type-simple"},"yoast_head":"<!-- This site is optimized with the Yoast SEO plugin v27.0 - https:\/\/yoast.com\/product\/yoast-seo-wordpress\/ -->\n<title>Ayl\u00e9s Cuesta del Herrero - Comprar vino | Arag\u00f3n y Navarra | La Cuba de Baco<\/title>\n<meta name=\"description\" content=\"Comprar vino de Arag\u00f3n | Comprar vino de Navarra\" \/>\n<meta name=\"robots\" content=\"index, follow, max-snippet:-1, max-image-preview:large, max-video-preview:-1\" \/>\n<link rel=\"canonical\" href=\"https:\/\/www.lacubadebaco.com\/bodega\/tiendadevinos\/ayles-cuesta-del-herrero\/\" \/>\n<meta property=\"og:locale\" content=\"es_ES\" \/>\n<meta property=\"og:type\" content=\"article\" \/>\n<meta property=\"og:title\" content=\"Ayl\u00e9s Cuesta del Herrero - Comprar vino | Arag\u00f3n y Navarra | La Cuba de Baco\" \/>\n<meta property=\"og:description\" content=\"Comprar vino de Arag\u00f3n | Comprar vino de Navarra\" \/>\n<meta property=\"og:url\" content=\"https:\/\/www.lacubadebaco.com\/bodega\/tiendadevinos\/ayles-cuesta-del-herrero\/\" \/>\n<meta property=\"og:site_name\" content=\"Comprar vino | Arag\u00f3n y Navarra | La Cuba de Baco\" \/>\n<meta property=\"article:modified_time\" content=\"2025-04-01T22:19:05+00:00\" \/>\n<meta property=\"og:image\" content=\"https:\/\/www.lacubadebaco.com\/bodega\/wp-content\/uploads\/2022\/08\/Cuesta-del-Herrero-Ayle\u0301s-1.png\" \/>\n\t<meta property=\"og:image:width\" content=\"224\" \/>\n\t<meta property=\"og:image:height\" content=\"300\" \/>\n\t<meta property=\"og:image:type\" content=\"image\/png\" \/>\n<meta name=\"twitter:card\" content=\"summary_large_image\" \/>\n<meta name=\"twitter:label1\" content=\"Tiempo de lectura\" \/>\n\t<meta name=\"twitter:data1\" content=\"1 minuto\" \/>\n<script type=\"application\/ld+json\" class=\"yoast-schema-graph\">{\"@context\":\"https:\/\/schema.org\",\"@graph\":[{\"@type\":\"WebPage\",\"@id\":\"https:\/\/www.lacubadebaco.com\/bodega\/tiendadevinos\/ayles-cuesta-del-herrero\/\",\"url\":\"https:\/\/www.lacubadebaco.com\/bodega\/tiendadevinos\/ayles-cuesta-del-herrero\/\",\"name\":\"Ayl\u00e9s Cuesta del Herrero - Comprar vino | Arag\u00f3n y Navarra | La Cuba de Baco\",\"isPartOf\":{\"@id\":\"https:\/\/www.lacubadebaco.com\/bodega\/#website\"},\"primaryImageOfPage\":{\"@id\":\"https:\/\/www.lacubadebaco.com\/bodega\/tiendadevinos\/ayles-cuesta-del-herrero\/#primaryimage\"},\"image\":{\"@id\":\"https:\/\/www.lacubadebaco.com\/bodega\/tiendadevinos\/ayles-cuesta-del-herrero\/#primaryimage\"},\"thumbnailUrl\":\"https:\/\/www.lacubadebaco.com\/bodega\/wp-content\/uploads\/2022\/08\/Cuesta-del-Herrero-Ayle\u0301s-1.png\",\"datePublished\":\"2022-08-30T21:17:56+00:00\",\"dateModified\":\"2025-04-01T22:19:05+00:00\",\"description\":\"Comprar vino de Arag\u00f3n | Comprar vino de Navarra\",\"breadcrumb\":{\"@id\":\"https:\/\/www.lacubadebaco.com\/bodega\/tiendadevinos\/ayles-cuesta-del-herrero\/#breadcrumb\"},\"inLanguage\":\"es\",\"potentialAction\":[{\"@type\":\"ReadAction\",\"target\":[\"https:\/\/www.lacubadebaco.com\/bodega\/tiendadevinos\/ayles-cuesta-del-herrero\/\"]}]},{\"@type\":\"ImageObject\",\"inLanguage\":\"es\",\"@id\":\"https:\/\/www.lacubadebaco.com\/bodega\/tiendadevinos\/ayles-cuesta-del-herrero\/#primaryimage\",\"url\":\"https:\/\/www.lacubadebaco.com\/bodega\/wp-content\/uploads\/2022\/08\/Cuesta-del-Herrero-Ayle\u0301s-1.png\",\"contentUrl\":\"https:\/\/www.lacubadebaco.com\/bodega\/wp-content\/uploads\/2022\/08\/Cuesta-del-Herrero-Ayle\u0301s-1.png\",\"width\":224,\"height\":300,\"caption\":\"Vino de Arag\u00f3n | Pago de Ayl\u00e9s | Tinto Barrica | La Cuba de Baco\"},{\"@type\":\"BreadcrumbList\",\"@id\":\"https:\/\/www.lacubadebaco.com\/bodega\/tiendadevinos\/ayles-cuesta-del-herrero\/#breadcrumb\",\"itemListElement\":[{\"@type\":\"ListItem\",\"position\":1,\"name\":\"Portada\",\"item\":\"https:\/\/www.lacubadebaco.com\/bodega\/home-v8-frontpage-shop\/\"},{\"@type\":\"ListItem\",\"position\":2,\"name\":\"Tienda de vinos\",\"item\":\"https:\/\/www.lacubadebaco.com\/bodega\/tiendadevinos\/\"},{\"@type\":\"ListItem\",\"position\":3,\"name\":\"Ayl\u00e9s Cuesta del Herrero\"}]},{\"@type\":\"WebSite\",\"@id\":\"https:\/\/www.lacubadebaco.com\/bodega\/#website\",\"url\":\"https:\/\/www.lacubadebaco.com\/bodega\/\",\"name\":\"Comprar vino | Arag\u00f3n y Navarra | La Cuba de Baco\",\"description\":\"Comprar vino de Arag\u00f3n | Comprar vino de Navarra | Tienda de vino online de Navarra  y Arag\u00f3n | La Cuba de Baco\",\"publisher\":{\"@id\":\"https:\/\/www.lacubadebaco.com\/bodega\/#organization\"},\"potentialAction\":[{\"@type\":\"SearchAction\",\"target\":{\"@type\":\"EntryPoint\",\"urlTemplate\":\"https:\/\/www.lacubadebaco.com\/bodega\/?s={search_term_string}\"},\"query-input\":{\"@type\":\"PropertyValueSpecification\",\"valueRequired\":true,\"valueName\":\"search_term_string\"}}],\"inLanguage\":\"es\"},{\"@type\":\"Organization\",\"@id\":\"https:\/\/www.lacubadebaco.com\/bodega\/#organization\",\"name\":\"La Cuba de Baco\",\"url\":\"https:\/\/www.lacubadebaco.com\/bodega\/\",\"logo\":{\"@type\":\"ImageObject\",\"inLanguage\":\"es\",\"@id\":\"https:\/\/www.lacubadebaco.com\/bodega\/#\/schema\/logo\/image\/\",\"url\":\"https:\/\/www.lacubadebaco.com\/bodega\/wp-content\/uploads\/2014\/01\/logoslider.png\",\"contentUrl\":\"https:\/\/www.lacubadebaco.com\/bodega\/wp-content\/uploads\/2014\/01\/logoslider.png\",\"width\":440,\"height\":256,\"caption\":\"La Cuba de Baco\"},\"image\":{\"@id\":\"https:\/\/www.lacubadebaco.com\/bodega\/#\/schema\/logo\/image\/\"}}]}<\/script>\n<!-- \/ Yoast SEO plugin. -->","yoast_head_json":{"title":"Ayl\u00e9s Cuesta del Herrero - Comprar vino | Arag\u00f3n y Navarra | La Cuba de Baco","description":"Comprar vino de Arag\u00f3n | Comprar vino de Navarra","robots":{"index":"index","follow":"follow","max-snippet":"max-snippet:-1","max-image-preview":"max-image-preview:large","max-video-preview":"max-video-preview:-1"},"canonical":"https:\/\/www.lacubadebaco.com\/bodega\/tiendadevinos\/ayles-cuesta-del-herrero\/","og_locale":"es_ES","og_type":"article","og_title":"Ayl\u00e9s Cuesta del Herrero - Comprar vino | Arag\u00f3n y Navarra | La Cuba de Baco","og_description":"Comprar vino de Arag\u00f3n | Comprar vino de Navarra","og_url":"https:\/\/www.lacubadebaco.com\/bodega\/tiendadevinos\/ayles-cuesta-del-herrero\/","og_site_name":"Comprar vino | Arag\u00f3n y Navarra | La Cuba de Baco","article_modified_time":"2025-04-01T22:19:05+00:00","og_image":[{"width":224,"height":300,"url":"https:\/\/www.lacubadebaco.com\/bodega\/wp-content\/uploads\/2022\/08\/Cuesta-del-Herrero-Ayle\u0301s-1.png","type":"image\/png"}],"twitter_card":"summary_large_image","twitter_misc":{"Tiempo de lectura":"1 minuto"},"schema":{"@context":"https:\/\/schema.org","@graph":[{"@type":"WebPage","@id":"https:\/\/www.lacubadebaco.com\/bodega\/tiendadevinos\/ayles-cuesta-del-herrero\/","url":"https:\/\/www.lacubadebaco.com\/bodega\/tiendadevinos\/ayles-cuesta-del-herrero\/","name":"Ayl\u00e9s Cuesta del Herrero - Comprar vino | Arag\u00f3n y Navarra | La Cuba de Baco","isPartOf":{"@id":"https:\/\/www.lacubadebaco.com\/bodega\/#website"},"primaryImageOfPage":{"@id":"https:\/\/www.lacubadebaco.com\/bodega\/tiendadevinos\/ayles-cuesta-del-herrero\/#primaryimage"},"image":{"@id":"https:\/\/www.lacubadebaco.com\/bodega\/tiendadevinos\/ayles-cuesta-del-herrero\/#primaryimage"},"thumbnailUrl":"https:\/\/www.lacubadebaco.com\/bodega\/wp-content\/uploads\/2022\/08\/Cuesta-del-Herrero-Ayle\u0301s-1.png","datePublished":"2022-08-30T21:17:56+00:00","dateModified":"2025-04-01T22:19:05+00:00","description":"Comprar vino de Arag\u00f3n | Comprar vino de Navarra","breadcrumb":{"@id":"https:\/\/www.lacubadebaco.com\/bodega\/tiendadevinos\/ayles-cuesta-del-herrero\/#breadcrumb"},"inLanguage":"es","potentialAction":[{"@type":"ReadAction","target":["https:\/\/www.lacubadebaco.com\/bodega\/tiendadevinos\/ayles-cuesta-del-herrero\/"]}]},{"@type":"ImageObject","inLanguage":"es","@id":"https:\/\/www.lacubadebaco.com\/bodega\/tiendadevinos\/ayles-cuesta-del-herrero\/#primaryimage","url":"https:\/\/www.lacubadebaco.com\/bodega\/wp-content\/uploads\/2022\/08\/Cuesta-del-Herrero-Ayle\u0301s-1.png","contentUrl":"https:\/\/www.lacubadebaco.com\/bodega\/wp-content\/uploads\/2022\/08\/Cuesta-del-Herrero-Ayle\u0301s-1.png","width":224,"height":300,"caption":"Vino de Arag\u00f3n | Pago de Ayl\u00e9s | Tinto Barrica | La Cuba de Baco"},{"@type":"BreadcrumbList","@id":"https:\/\/www.lacubadebaco.com\/bodega\/tiendadevinos\/ayles-cuesta-del-herrero\/#breadcrumb","itemListElement":[{"@type":"ListItem","position":1,"name":"Portada","item":"https:\/\/www.lacubadebaco.com\/bodega\/home-v8-frontpage-shop\/"},{"@type":"ListItem","position":2,"name":"Tienda de vinos","item":"https:\/\/www.lacubadebaco.com\/bodega\/tiendadevinos\/"},{"@type":"ListItem","position":3,"name":"Ayl\u00e9s Cuesta del Herrero"}]},{"@type":"WebSite","@id":"https:\/\/www.lacubadebaco.com\/bodega\/#website","url":"https:\/\/www.lacubadebaco.com\/bodega\/","name":"Comprar vino | Arag\u00f3n y Navarra | La Cuba de Baco","description":"Comprar vino de Arag\u00f3n | Comprar vino de Navarra | Tienda de vino online de Navarra  y Arag\u00f3n | La Cuba de Baco","publisher":{"@id":"https:\/\/www.lacubadebaco.com\/bodega\/#organization"},"potentialAction":[{"@type":"SearchAction","target":{"@type":"EntryPoint","urlTemplate":"https:\/\/www.lacubadebaco.com\/bodega\/?s={search_term_string}"},"query-input":{"@type":"PropertyValueSpecification","valueRequired":true,"valueName":"search_term_string"}}],"inLanguage":"es"},{"@type":"Organization","@id":"https:\/\/www.lacubadebaco.com\/bodega\/#organization","name":"La Cuba de Baco","url":"https:\/\/www.lacubadebaco.com\/bodega\/","logo":{"@type":"ImageObject","inLanguage":"es","@id":"https:\/\/www.lacubadebaco.com\/bodega\/#\/schema\/logo\/image\/","url":"https:\/\/www.lacubadebaco.com\/bodega\/wp-content\/uploads\/2014\/01\/logoslider.png","contentUrl":"https:\/\/www.lacubadebaco.com\/bodega\/wp-content\/uploads\/2014\/01\/logoslider.png","width":440,"height":256,"caption":"La Cuba de Baco"},"image":{"@id":"https:\/\/www.lacubadebaco.com\/bodega\/#\/schema\/logo\/image\/"}}]}},"_links":{"self":[{"href":"https:\/\/www.lacubadebaco.com\/bodega\/wp-json\/wp\/v2\/product\/6713","targetHints":{"allow":["GET"]}}],"collection":[{"href":"https:\/\/www.lacubadebaco.com\/bodega\/wp-json\/wp\/v2\/product"}],"about":[{"href":"https:\/\/www.lacubadebaco.com\/bodega\/wp-json\/wp\/v2\/types\/product"}],"wp:featuredmedia":[{"embeddable":true,"href":"https:\/\/www.lacubadebaco.com\/bodega\/wp-json\/wp\/v2\/media\/6728"}],"wp:attachment":[{"href":"https:\/\/www.lacubadebaco.com\/bodega\/wp-json\/wp\/v2\/media?parent=6713"}],"wp:term":[{"taxonomy":"product_brand","embeddable":true,"href":"https:\/\/www.lacubadebaco.com\/bodega\/wp-json\/wp\/v2\/product_brand?post=6713"},{"taxonomy":"product_cat","embeddable":true,"href":"https:\/\/www.lacubadebaco.com\/bodega\/wp-json\/wp\/v2\/product_cat?post=6713"},{"taxonomy":"product_tag","embeddable":true,"href":"https:\/\/www.lacubadebaco.com\/bodega\/wp-json\/wp\/v2\/product_tag?post=6713"}],"curies":[{"name":"wp","href":"https:\/\/api.w.org\/{rel}","templated":true}]}}