{"id":7358,"date":"2025-09-21T09:58:55","date_gmt":"2025-09-21T07:58:55","guid":{"rendered":"https:\/\/www.lacubadebaco.com\/bodega\/?post_type=product&#038;p=7358"},"modified":"2025-09-21T13:31:44","modified_gmt":"2025-09-21T11:31:44","slug":"palmeri-eva","status":"publish","type":"product","link":"https:\/\/www.lacubadebaco.com\/bodega\/tiendadevinos\/palmeri-eva\/","title":{"rendered":"Palmeri Eva Blanco"},"content":{"rendered":"<p><strong>Variedades de uva:<\/strong>100% Garnacha Blanca. <\/p>\n<p><strong>Vi\u00f1edos:\u00a0<\/strong>Entre 750 m. de altura, vi\u00f1as en vaso con 5 a\u00f1os de antig\u00fcedad.<\/p>\n<p><strong>Regi\u00f3n:\u00a0<\/strong>D.O. Campo de Borja.<\/p>\n<p><strong>Cata:\u00a0<\/strong>Tiene un color amarillo dorado brillante muy intenso que denota su estilo de elaboraci\u00f3n. <\/p>\n<p>En nariz su aroma es complejo y elegante con toques tostados, fruta fresca y especias.<\/p>\n<p>En boca es cremoso, vivo y muy expresivo, con buen paso por el paladar con postgusto largo y voluptuoso.<\/p>\n<p>Es un vino blanco elaborado como si se elaborara un vino tinto, ya que fermenta con la pulpa y el hollejo. Una vez fermentado pasa por un per\u00edodo de crianza en barricas de roble franc\u00e9s y americano. Posteriormente tiene una crianza en botella para su afinamiento.<\/p>\n<p>Dando lugar a un vino cremoso y muy expresivo.<\/p>\n<p>Ideal para pastas, arroces, carnes guisadas, pescados, comidas de celebraciones y para regalo<\/p>\n<p>Servir muy fr\u00edo.<\/p>\n<p><strong>Gu\u00eda Pe\u00f1\u00edn:\u00a0<\/strong><\/p>\n<p><strong>Premios:\u00a0<\/strong><\/p>\n","protected":false},"excerpt":{"rendered":"<p>Variedades de uva:100% Garnacha Blanca. Vi\u00f1edos:\u00a0Entre 750 m. de altura, vi\u00f1as en vaso con 5 a\u00f1os de antig\u00fcedad. Regi\u00f3n:\u00a0D.O. Campo de Borja. Cata:\u00a0Tiene un color amarillo dorado brillante muy intenso que denota su estilo de elaboraci\u00f3n. En nariz su aroma es complejo y elegante con toques tostados, fruta fresca y especias. En boca es cremoso, [&hellip;]<\/p>\n","protected":false},"featured_media":7415,"template":"","meta":{"_exactmetrics_skip_tracking":false,"_exactmetrics_sitenote_active":false,"_exactmetrics_sitenote_note":"","_exactmetrics_sitenote_category":0},"product_brand":[],"product_cat":[77,37,73,36],"product_tag":[54],"class_list":{"0":"post-7358","1":"product","2":"type-product","3":"status-publish","4":"has-post-thumbnail","6":"product_cat-novedades","7":"product_cat-tienda-de-vinos","8":"product_cat-vinos-de-aragon","9":"product_cat-vinos-unicos","10":"product_tag-blanco","12":"first","13":"instock","14":"taxable","15":"shipping-taxable","16":"purchasable","17":"product-type-simple"},"yoast_head":"<!-- This site is optimized with the Yoast SEO plugin v27.0 - https:\/\/yoast.com\/product\/yoast-seo-wordpress\/ -->\n<title>Palmeri Eva Blanco - Comprar vino | Arag\u00f3n y Navarra | La Cuba de Baco<\/title>\n<meta name=\"description\" content=\"Comprar vino de Arag\u00f3n | Comprar vino de Navarra\" \/>\n<meta name=\"robots\" content=\"index, follow, max-snippet:-1, max-image-preview:large, max-video-preview:-1\" \/>\n<link rel=\"canonical\" href=\"https:\/\/www.lacubadebaco.com\/bodega\/tiendadevinos\/palmeri-eva\/\" \/>\n<meta property=\"og:locale\" content=\"es_ES\" \/>\n<meta property=\"og:type\" content=\"article\" \/>\n<meta property=\"og:title\" content=\"Palmeri Eva Blanco - Comprar vino | Arag\u00f3n y Navarra | La Cuba de Baco\" \/>\n<meta property=\"og:description\" content=\"Comprar vino de Arag\u00f3n | Comprar vino de Navarra\" \/>\n<meta property=\"og:url\" content=\"https:\/\/www.lacubadebaco.com\/bodega\/tiendadevinos\/palmeri-eva\/\" \/>\n<meta property=\"og:site_name\" content=\"Comprar vino | Arag\u00f3n y Navarra | La Cuba de Baco\" \/>\n<meta property=\"article:modified_time\" content=\"2025-09-21T11:31:44+00:00\" \/>\n<meta property=\"og:image\" content=\"https:\/\/www.lacubadebaco.com\/bodega\/wp-content\/uploads\/2025\/09\/Palmeri-Eva-Blanco.png\" \/>\n\t<meta property=\"og:image:width\" content=\"224\" \/>\n\t<meta property=\"og:image:height\" content=\"299\" \/>\n\t<meta property=\"og:image:type\" content=\"image\/png\" \/>\n<meta name=\"twitter:card\" content=\"summary_large_image\" \/>\n<meta name=\"twitter:label1\" content=\"Tiempo de lectura\" \/>\n\t<meta name=\"twitter:data1\" content=\"1 minuto\" \/>\n<script type=\"application\/ld+json\" class=\"yoast-schema-graph\">{\"@context\":\"https:\/\/schema.org\",\"@graph\":[{\"@type\":\"WebPage\",\"@id\":\"https:\/\/www.lacubadebaco.com\/bodega\/tiendadevinos\/palmeri-eva\/\",\"url\":\"https:\/\/www.lacubadebaco.com\/bodega\/tiendadevinos\/palmeri-eva\/\",\"name\":\"Palmeri Eva Blanco - Comprar vino | Arag\u00f3n y Navarra | La Cuba de Baco\",\"isPartOf\":{\"@id\":\"https:\/\/www.lacubadebaco.com\/bodega\/#website\"},\"primaryImageOfPage\":{\"@id\":\"https:\/\/www.lacubadebaco.com\/bodega\/tiendadevinos\/palmeri-eva\/#primaryimage\"},\"image\":{\"@id\":\"https:\/\/www.lacubadebaco.com\/bodega\/tiendadevinos\/palmeri-eva\/#primaryimage\"},\"thumbnailUrl\":\"https:\/\/www.lacubadebaco.com\/bodega\/wp-content\/uploads\/2025\/09\/Palmeri-Eva-Blanco.png\",\"datePublished\":\"2025-09-21T07:58:55+00:00\",\"dateModified\":\"2025-09-21T11:31:44+00:00\",\"description\":\"Comprar vino de Arag\u00f3n | Comprar vino de Navarra\",\"breadcrumb\":{\"@id\":\"https:\/\/www.lacubadebaco.com\/bodega\/tiendadevinos\/palmeri-eva\/#breadcrumb\"},\"inLanguage\":\"es\",\"potentialAction\":[{\"@type\":\"ReadAction\",\"target\":[\"https:\/\/www.lacubadebaco.com\/bodega\/tiendadevinos\/palmeri-eva\/\"]}]},{\"@type\":\"ImageObject\",\"inLanguage\":\"es\",\"@id\":\"https:\/\/www.lacubadebaco.com\/bodega\/tiendadevinos\/palmeri-eva\/#primaryimage\",\"url\":\"https:\/\/www.lacubadebaco.com\/bodega\/wp-content\/uploads\/2025\/09\/Palmeri-Eva-Blanco.png\",\"contentUrl\":\"https:\/\/www.lacubadebaco.com\/bodega\/wp-content\/uploads\/2025\/09\/Palmeri-Eva-Blanco.png\",\"width\":224,\"height\":299},{\"@type\":\"BreadcrumbList\",\"@id\":\"https:\/\/www.lacubadebaco.com\/bodega\/tiendadevinos\/palmeri-eva\/#breadcrumb\",\"itemListElement\":[{\"@type\":\"ListItem\",\"position\":1,\"name\":\"Portada\",\"item\":\"https:\/\/www.lacubadebaco.com\/bodega\/home-v8-frontpage-shop\/\"},{\"@type\":\"ListItem\",\"position\":2,\"name\":\"Tienda de vinos\",\"item\":\"https:\/\/www.lacubadebaco.com\/bodega\/tiendadevinos\/\"},{\"@type\":\"ListItem\",\"position\":3,\"name\":\"Palmeri Eva Blanco\"}]},{\"@type\":\"WebSite\",\"@id\":\"https:\/\/www.lacubadebaco.com\/bodega\/#website\",\"url\":\"https:\/\/www.lacubadebaco.com\/bodega\/\",\"name\":\"Comprar vino | Arag\u00f3n y Navarra | La Cuba de Baco\",\"description\":\"Comprar vino de Arag\u00f3n | Comprar vino de Navarra | Tienda de vino online de Navarra  y Arag\u00f3n | La Cuba de Baco\",\"publisher\":{\"@id\":\"https:\/\/www.lacubadebaco.com\/bodega\/#organization\"},\"potentialAction\":[{\"@type\":\"SearchAction\",\"target\":{\"@type\":\"EntryPoint\",\"urlTemplate\":\"https:\/\/www.lacubadebaco.com\/bodega\/?s={search_term_string}\"},\"query-input\":{\"@type\":\"PropertyValueSpecification\",\"valueRequired\":true,\"valueName\":\"search_term_string\"}}],\"inLanguage\":\"es\"},{\"@type\":\"Organization\",\"@id\":\"https:\/\/www.lacubadebaco.com\/bodega\/#organization\",\"name\":\"La Cuba de Baco\",\"url\":\"https:\/\/www.lacubadebaco.com\/bodega\/\",\"logo\":{\"@type\":\"ImageObject\",\"inLanguage\":\"es\",\"@id\":\"https:\/\/www.lacubadebaco.com\/bodega\/#\/schema\/logo\/image\/\",\"url\":\"https:\/\/www.lacubadebaco.com\/bodega\/wp-content\/uploads\/2014\/01\/logoslider.png\",\"contentUrl\":\"https:\/\/www.lacubadebaco.com\/bodega\/wp-content\/uploads\/2014\/01\/logoslider.png\",\"width\":440,\"height\":256,\"caption\":\"La Cuba de Baco\"},\"image\":{\"@id\":\"https:\/\/www.lacubadebaco.com\/bodega\/#\/schema\/logo\/image\/\"}}]}<\/script>\n<!-- \/ Yoast SEO plugin. -->","yoast_head_json":{"title":"Palmeri Eva Blanco - Comprar vino | Arag\u00f3n y Navarra | La Cuba de Baco","description":"Comprar vino de Arag\u00f3n | Comprar vino de Navarra","robots":{"index":"index","follow":"follow","max-snippet":"max-snippet:-1","max-image-preview":"max-image-preview:large","max-video-preview":"max-video-preview:-1"},"canonical":"https:\/\/www.lacubadebaco.com\/bodega\/tiendadevinos\/palmeri-eva\/","og_locale":"es_ES","og_type":"article","og_title":"Palmeri Eva Blanco - Comprar vino | Arag\u00f3n y Navarra | La Cuba de Baco","og_description":"Comprar vino de Arag\u00f3n | Comprar vino de Navarra","og_url":"https:\/\/www.lacubadebaco.com\/bodega\/tiendadevinos\/palmeri-eva\/","og_site_name":"Comprar vino | Arag\u00f3n y Navarra | La Cuba de Baco","article_modified_time":"2025-09-21T11:31:44+00:00","og_image":[{"width":224,"height":299,"url":"https:\/\/www.lacubadebaco.com\/bodega\/wp-content\/uploads\/2025\/09\/Palmeri-Eva-Blanco.png","type":"image\/png"}],"twitter_card":"summary_large_image","twitter_misc":{"Tiempo de lectura":"1 minuto"},"schema":{"@context":"https:\/\/schema.org","@graph":[{"@type":"WebPage","@id":"https:\/\/www.lacubadebaco.com\/bodega\/tiendadevinos\/palmeri-eva\/","url":"https:\/\/www.lacubadebaco.com\/bodega\/tiendadevinos\/palmeri-eva\/","name":"Palmeri Eva Blanco - Comprar vino | Arag\u00f3n y Navarra | La Cuba de Baco","isPartOf":{"@id":"https:\/\/www.lacubadebaco.com\/bodega\/#website"},"primaryImageOfPage":{"@id":"https:\/\/www.lacubadebaco.com\/bodega\/tiendadevinos\/palmeri-eva\/#primaryimage"},"image":{"@id":"https:\/\/www.lacubadebaco.com\/bodega\/tiendadevinos\/palmeri-eva\/#primaryimage"},"thumbnailUrl":"https:\/\/www.lacubadebaco.com\/bodega\/wp-content\/uploads\/2025\/09\/Palmeri-Eva-Blanco.png","datePublished":"2025-09-21T07:58:55+00:00","dateModified":"2025-09-21T11:31:44+00:00","description":"Comprar vino de Arag\u00f3n | Comprar vino de Navarra","breadcrumb":{"@id":"https:\/\/www.lacubadebaco.com\/bodega\/tiendadevinos\/palmeri-eva\/#breadcrumb"},"inLanguage":"es","potentialAction":[{"@type":"ReadAction","target":["https:\/\/www.lacubadebaco.com\/bodega\/tiendadevinos\/palmeri-eva\/"]}]},{"@type":"ImageObject","inLanguage":"es","@id":"https:\/\/www.lacubadebaco.com\/bodega\/tiendadevinos\/palmeri-eva\/#primaryimage","url":"https:\/\/www.lacubadebaco.com\/bodega\/wp-content\/uploads\/2025\/09\/Palmeri-Eva-Blanco.png","contentUrl":"https:\/\/www.lacubadebaco.com\/bodega\/wp-content\/uploads\/2025\/09\/Palmeri-Eva-Blanco.png","width":224,"height":299},{"@type":"BreadcrumbList","@id":"https:\/\/www.lacubadebaco.com\/bodega\/tiendadevinos\/palmeri-eva\/#breadcrumb","itemListElement":[{"@type":"ListItem","position":1,"name":"Portada","item":"https:\/\/www.lacubadebaco.com\/bodega\/home-v8-frontpage-shop\/"},{"@type":"ListItem","position":2,"name":"Tienda de vinos","item":"https:\/\/www.lacubadebaco.com\/bodega\/tiendadevinos\/"},{"@type":"ListItem","position":3,"name":"Palmeri Eva Blanco"}]},{"@type":"WebSite","@id":"https:\/\/www.lacubadebaco.com\/bodega\/#website","url":"https:\/\/www.lacubadebaco.com\/bodega\/","name":"Comprar vino | Arag\u00f3n y Navarra | La Cuba de Baco","description":"Comprar vino de Arag\u00f3n | Comprar vino de Navarra | Tienda de vino online de Navarra  y Arag\u00f3n | La Cuba de Baco","publisher":{"@id":"https:\/\/www.lacubadebaco.com\/bodega\/#organization"},"potentialAction":[{"@type":"SearchAction","target":{"@type":"EntryPoint","urlTemplate":"https:\/\/www.lacubadebaco.com\/bodega\/?s={search_term_string}"},"query-input":{"@type":"PropertyValueSpecification","valueRequired":true,"valueName":"search_term_string"}}],"inLanguage":"es"},{"@type":"Organization","@id":"https:\/\/www.lacubadebaco.com\/bodega\/#organization","name":"La Cuba de Baco","url":"https:\/\/www.lacubadebaco.com\/bodega\/","logo":{"@type":"ImageObject","inLanguage":"es","@id":"https:\/\/www.lacubadebaco.com\/bodega\/#\/schema\/logo\/image\/","url":"https:\/\/www.lacubadebaco.com\/bodega\/wp-content\/uploads\/2014\/01\/logoslider.png","contentUrl":"https:\/\/www.lacubadebaco.com\/bodega\/wp-content\/uploads\/2014\/01\/logoslider.png","width":440,"height":256,"caption":"La Cuba de Baco"},"image":{"@id":"https:\/\/www.lacubadebaco.com\/bodega\/#\/schema\/logo\/image\/"}}]}},"_links":{"self":[{"href":"https:\/\/www.lacubadebaco.com\/bodega\/wp-json\/wp\/v2\/product\/7358","targetHints":{"allow":["GET"]}}],"collection":[{"href":"https:\/\/www.lacubadebaco.com\/bodega\/wp-json\/wp\/v2\/product"}],"about":[{"href":"https:\/\/www.lacubadebaco.com\/bodega\/wp-json\/wp\/v2\/types\/product"}],"wp:featuredmedia":[{"embeddable":true,"href":"https:\/\/www.lacubadebaco.com\/bodega\/wp-json\/wp\/v2\/media\/7415"}],"wp:attachment":[{"href":"https:\/\/www.lacubadebaco.com\/bodega\/wp-json\/wp\/v2\/media?parent=7358"}],"wp:term":[{"taxonomy":"product_brand","embeddable":true,"href":"https:\/\/www.lacubadebaco.com\/bodega\/wp-json\/wp\/v2\/product_brand?post=7358"},{"taxonomy":"product_cat","embeddable":true,"href":"https:\/\/www.lacubadebaco.com\/bodega\/wp-json\/wp\/v2\/product_cat?post=7358"},{"taxonomy":"product_tag","embeddable":true,"href":"https:\/\/www.lacubadebaco.com\/bodega\/wp-json\/wp\/v2\/product_tag?post=7358"}],"curies":[{"name":"wp","href":"https:\/\/api.w.org\/{rel}","templated":true}]}}